{"id":86,"date":"2015-12-16T13:18:18","date_gmt":"2015-12-16T11:18:18","guid":{"rendered":"http:\/\/apaydintanitim.com\/m\/?page_id=86"},"modified":"2016-01-07T12:27:40","modified_gmt":"2016-01-07T10:27:40","slug":"isikli-reklam","status":"publish","type":"page","link":"https:\/\/apaydintanitim.com\/m\/isikli-reklam\/","title":{"rendered":"I\u015f\u0131kl\u0131 reklam"},"content":{"rendered":"\n\t\t<style type=\"text\/css\">\n\t\t\t#gallery-1 {\n\t\t\t\tmargin: auto;\n\t\t\t}\n\t\t\t#gallery-1 .gallery-item {\n\t\t\t\tfloat: left;\n\t\t\t\tmargin-top: 10px;\n\t\t\t\ttext-align: center;\n\t\t\t\twidth: 100%;\n\t\t\t}\n\t\t\t#gallery-1 img {\n\t\t\t\tborder: 2px solid #cfcfcf;\n\t\t\t}\n\t\t\t#gallery-1 .gallery-caption {\n\t\t\t\tmargin-left: 0;\n\t\t\t}\n\t\t\t\/* see gallery_shortcode() in wp-includes\/media.php *\/\n\t\t<\/style>\n\t\t<div id='gallery-1' class='gallery galleryid-86 gallery-columns-1 gallery-size-full'><dl class='gallery-item'>\n\t\t\t<dt class='gallery-icon landscape'>\n\t\t\t\t<img loading=\"lazy\" decoding=\"async\" width=\"800\" height=\"600\" src=\"https:\/\/apaydintanitim.com\/m\/wp-content\/uploads\/isikli-tabela-reklam-tasarim-1.jpg\" class=\"attachment-full size-full\" alt=\"\" aria-describedby=\"gallery-1-1047\" srcset=\"https:\/\/apaydintanitim.com\/m\/wp-content\/uploads\/isikli-tabela-reklam-tasarim-1.jpg 800w, https:\/\/apaydintanitim.com\/m\/wp-content\/uploads\/isikli-tabela-reklam-tasarim-1-400x300.jpg 400w, https:\/\/apaydintanitim.com\/m\/wp-content\/uploads\/isikli-tabela-reklam-tasarim-1-150x113.jpg 150w, https:\/\/apaydintanitim.com\/m\/wp-content\/uploads\/isikli-tabela-reklam-tasarim-1-640x480.jpg 640w\" sizes=\"auto, (max-width: 800px) 100vw, 800px\" \/>\n\t\t\t<\/dt>\n\t\t\t\t<dd class='wp-caption-text gallery-caption' id='gallery-1-1047'>\n\t\t\t\tI\u015f\u0131kl\u0131 Tabela ve Reklam \u00dcr\u00fcnleri MODEL NO: 2016 &#8211; 0001\n\t\t\t\t<\/dd><\/dl><br style=\"clear: both\" \/><dl class='gallery-item'>\n\t\t\t<dt class='gallery-icon landscape'>\n\t\t\t\t<img loading=\"lazy\" decoding=\"async\" width=\"800\" height=\"294\" src=\"https:\/\/apaydintanitim.com\/m\/wp-content\/uploads\/isikli-tabela-reklam-tasarim-2-e1452162417275.jpg\" class=\"attachment-full size-full\" alt=\"\" aria-describedby=\"gallery-1-1048\" \/>\n\t\t\t<\/dt>\n\t\t\t\t<dd class='wp-caption-text gallery-caption' id='gallery-1-1048'>\n\t\t\t\tI\u015f\u0131kl\u0131 Tabela ve Reklam \u00dcr\u00fcnleri MODEL NO: 2016 &#8211; 0002\n\t\t\t\t<\/dd><\/dl><br style=\"clear: both\" \/><dl class='gallery-item'>\n\t\t\t<dt class='gallery-icon landscape'>\n\t\t\t\t<img loading=\"lazy\" decoding=\"async\" width=\"797\" height=\"480\" src=\"https:\/\/apaydintanitim.com\/m\/wp-content\/uploads\/isikli-tabela-reklam-tasarim-3-e1452162434287.jpg\" class=\"attachment-full size-full\" alt=\"\" aria-describedby=\"gallery-1-1049\" \/>\n\t\t\t<\/dt>\n\t\t\t\t<dd class='wp-caption-text gallery-caption' id='gallery-1-1049'>\n\t\t\t\tI\u015f\u0131kl\u0131 Tabela ve Reklam \u00dcr\u00fcnleri MODEL NO: 2016 &#8211; 0003\n\t\t\t\t<\/dd><\/dl><br style=\"clear: both\" \/>\n\t\t<\/div>\n\n\n\t\t<style type=\"text\/css\">\n\t\t\t#gallery-2 {\n\t\t\t\tmargin: auto;\n\t\t\t}\n\t\t\t#gallery-2 .gallery-item {\n\t\t\t\tfloat: left;\n\t\t\t\tmargin-top: 10px;\n\t\t\t\ttext-align: center;\n\t\t\t\twidth: 100%;\n\t\t\t}\n\t\t\t#gallery-2 img {\n\t\t\t\tborder: 2px solid #cfcfcf;\n\t\t\t}\n\t\t\t#gallery-2 .gallery-caption {\n\t\t\t\tmargin-left: 0;\n\t\t\t}\n\t\t\t\/* see gallery_shortcode() in wp-includes\/media.php *\/\n\t\t<\/style>\n\t\t<div id='gallery-2' class='gallery galleryid-86 gallery-columns-1 gallery-size-full'><dl class='gallery-item'>\n\t\t\t<dt class='gallery-icon landscape'>\n\t\t\t\t<img loading=\"lazy\" decoding=\"async\" width=\"800\" height=\"450\" src=\"https:\/\/apaydintanitim.com\/m\/wp-content\/uploads\/isikli-tabela-reklam-1-1.jpg\" class=\"attachment-full size-full\" alt=\"\" aria-describedby=\"gallery-2-1036\" srcset=\"https:\/\/apaydintanitim.com\/m\/wp-content\/uploads\/isikli-tabela-reklam-1-1.jpg 800w, https:\/\/apaydintanitim.com\/m\/wp-content\/uploads\/isikli-tabela-reklam-1-1-400x225.jpg 400w, https:\/\/apaydintanitim.com\/m\/wp-content\/uploads\/isikli-tabela-reklam-1-1-150x84.jpg 150w, https:\/\/apaydintanitim.com\/m\/wp-content\/uploads\/isikli-tabela-reklam-1-1-640x360.jpg 640w\" sizes=\"auto, (max-width: 800px) 100vw, 800px\" \/>\n\t\t\t<\/dt>\n\t\t\t\t<dd class='wp-caption-text gallery-caption' id='gallery-2-1036'>\n\t\t\t\t I\u015f\u0131kl\u0131 Tabela ve Reklam \u00dcr\u00fcnleri MODEL NO: 0001\n\t\t\t\t<\/dd><\/dl><br style=\"clear: both\" \/><dl class='gallery-item'>\n\t\t\t<dt class='gallery-icon landscape'>\n\t\t\t\t<img loading=\"lazy\" decoding=\"async\" width=\"800\" height=\"450\" src=\"https:\/\/apaydintanitim.com\/m\/wp-content\/uploads\/isikli-tabela-reklam-2-1.jpg\" class=\"attachment-full size-full\" alt=\"\" aria-describedby=\"gallery-2-1037\" srcset=\"https:\/\/apaydintanitim.com\/m\/wp-content\/uploads\/isikli-tabela-reklam-2-1.jpg 800w, https:\/\/apaydintanitim.com\/m\/wp-content\/uploads\/isikli-tabela-reklam-2-1-400x225.jpg 400w, https:\/\/apaydintanitim.com\/m\/wp-content\/uploads\/isikli-tabela-reklam-2-1-150x84.jpg 150w, https:\/\/apaydintanitim.com\/m\/wp-content\/uploads\/isikli-tabela-reklam-2-1-640x360.jpg 640w\" sizes=\"auto, (max-width: 800px) 100vw, 800px\" \/>\n\t\t\t<\/dt>\n\t\t\t\t<dd class='wp-caption-text gallery-caption' id='gallery-2-1037'>\n\t\t\t\t I\u015f\u0131kl\u0131 Tabela ve Reklam \u00dcr\u00fcnleri MODEL NO: 0002\n\t\t\t\t<\/dd><\/dl><br style=\"clear: both\" \/><dl class='gallery-item'>\n\t\t\t<dt class='gallery-icon landscape'>\n\t\t\t\t<img loading=\"lazy\" decoding=\"async\" width=\"800\" height=\"348\" src=\"https:\/\/apaydintanitim.com\/m\/wp-content\/uploads\/isikli-tabela-reklam-3-1.jpg\" class=\"attachment-full size-full\" alt=\"\" aria-describedby=\"gallery-2-1038\" srcset=\"https:\/\/apaydintanitim.com\/m\/wp-content\/uploads\/isikli-tabela-reklam-3-1.jpg 800w, https:\/\/apaydintanitim.com\/m\/wp-content\/uploads\/isikli-tabela-reklam-3-1-400x174.jpg 400w, https:\/\/apaydintanitim.com\/m\/wp-content\/uploads\/isikli-tabela-reklam-3-1-150x65.jpg 150w, https:\/\/apaydintanitim.com\/m\/wp-content\/uploads\/isikli-tabela-reklam-3-1-640x278.jpg 640w\" sizes=\"auto, (max-width: 800px) 100vw, 800px\" \/>\n\t\t\t<\/dt>\n\t\t\t\t<dd class='wp-caption-text gallery-caption' id='gallery-2-1038'>\n\t\t\t\t I\u015f\u0131kl\u0131 Tabela ve Reklam \u00dcr\u00fcnleri MODEL NO: 0003\n\t\t\t\t<\/dd><\/dl><br style=\"clear: both\" \/><dl class='gallery-item'>\n\t\t\t<dt class='gallery-icon landscape'>\n\t\t\t\t<img loading=\"lazy\" decoding=\"async\" width=\"800\" height=\"450\" src=\"https:\/\/apaydintanitim.com\/m\/wp-content\/uploads\/isikli-tabela-reklam-4-1.jpg\" class=\"attachment-full size-full\" alt=\"\" aria-describedby=\"gallery-2-1039\" srcset=\"https:\/\/apaydintanitim.com\/m\/wp-content\/uploads\/isikli-tabela-reklam-4-1.jpg 800w, https:\/\/apaydintanitim.com\/m\/wp-content\/uploads\/isikli-tabela-reklam-4-1-400x225.jpg 400w, https:\/\/apaydintanitim.com\/m\/wp-content\/uploads\/isikli-tabela-reklam-4-1-150x84.jpg 150w, https:\/\/apaydintanitim.com\/m\/wp-content\/uploads\/isikli-tabela-reklam-4-1-640x360.jpg 640w\" sizes=\"auto, (max-width: 800px) 100vw, 800px\" \/>\n\t\t\t<\/dt>\n\t\t\t\t<dd class='wp-caption-text gallery-caption' id='gallery-2-1039'>\n\t\t\t\t I\u015f\u0131kl\u0131 Tabela ve Reklam \u00dcr\u00fcnleri MODEL NO: 0004\n\t\t\t\t<\/dd><\/dl><br style=\"clear: both\" \/><dl class='gallery-item'>\n\t\t\t<dt class='gallery-icon landscape'>\n\t\t\t\t<img loading=\"lazy\" decoding=\"async\" width=\"800\" height=\"450\" src=\"https:\/\/apaydintanitim.com\/m\/wp-content\/uploads\/isikli-tabela-reklam-5-1.jpg\" class=\"attachment-full size-full\" alt=\"\" aria-describedby=\"gallery-2-1040\" srcset=\"https:\/\/apaydintanitim.com\/m\/wp-content\/uploads\/isikli-tabela-reklam-5-1.jpg 800w, https:\/\/apaydintanitim.com\/m\/wp-content\/uploads\/isikli-tabela-reklam-5-1-400x225.jpg 400w, https:\/\/apaydintanitim.com\/m\/wp-content\/uploads\/isikli-tabela-reklam-5-1-150x84.jpg 150w, https:\/\/apaydintanitim.com\/m\/wp-content\/uploads\/isikli-tabela-reklam-5-1-640x360.jpg 640w\" sizes=\"auto, (max-width: 800px) 100vw, 800px\" \/>\n\t\t\t<\/dt>\n\t\t\t\t<dd class='wp-caption-text gallery-caption' id='gallery-2-1040'>\n\t\t\t\t I\u015f\u0131kl\u0131 Tabela ve Reklam \u00dcr\u00fcnleri MODEL NO: 0005\n\t\t\t\t<\/dd><\/dl><br style=\"clear: both\" \/><dl class='gallery-item'>\n\t\t\t<dt class='gallery-icon landscape'>\n\t\t\t\t<img loading=\"lazy\" decoding=\"async\" width=\"800\" height=\"450\" src=\"https:\/\/apaydintanitim.com\/m\/wp-content\/uploads\/isikli-tabela-reklam-6.jpg\" class=\"attachment-full size-full\" alt=\"\" aria-describedby=\"gallery-2-1041\" srcset=\"https:\/\/apaydintanitim.com\/m\/wp-content\/uploads\/isikli-tabela-reklam-6.jpg 800w, https:\/\/apaydintanitim.com\/m\/wp-content\/uploads\/isikli-tabela-reklam-6-400x225.jpg 400w, https:\/\/apaydintanitim.com\/m\/wp-content\/uploads\/isikli-tabela-reklam-6-150x84.jpg 150w, https:\/\/apaydintanitim.com\/m\/wp-content\/uploads\/isikli-tabela-reklam-6-640x360.jpg 640w\" sizes=\"auto, (max-width: 800px) 100vw, 800px\" \/>\n\t\t\t<\/dt>\n\t\t\t\t<dd class='wp-caption-text gallery-caption' id='gallery-2-1041'>\n\t\t\t\t I\u015f\u0131kl\u0131 Tabela ve Reklam \u00dcr\u00fcnleri MODEL NO: 0006\n\t\t\t\t<\/dd><\/dl><br style=\"clear: both\" \/><dl class='gallery-item'>\n\t\t\t<dt class='gallery-icon landscape'>\n\t\t\t\t<img loading=\"lazy\" decoding=\"async\" width=\"800\" height=\"206\" src=\"https:\/\/apaydintanitim.com\/m\/wp-content\/uploads\/isikli-tabela-reklam-7-1.jpg\" class=\"attachment-full size-full\" alt=\"\" aria-describedby=\"gallery-2-1042\" srcset=\"https:\/\/apaydintanitim.com\/m\/wp-content\/uploads\/isikli-tabela-reklam-7-1.jpg 800w, https:\/\/apaydintanitim.com\/m\/wp-content\/uploads\/isikli-tabela-reklam-7-1-400x103.jpg 400w, https:\/\/apaydintanitim.com\/m\/wp-content\/uploads\/isikli-tabela-reklam-7-1-150x39.jpg 150w, https:\/\/apaydintanitim.com\/m\/wp-content\/uploads\/isikli-tabela-reklam-7-1-640x165.jpg 640w\" sizes=\"auto, (max-width: 800px) 100vw, 800px\" \/>\n\t\t\t<\/dt>\n\t\t\t\t<dd class='wp-caption-text gallery-caption' id='gallery-2-1042'>\n\t\t\t\t I\u015f\u0131kl\u0131 Tabela ve Reklam \u00dcr\u00fcnleri MODEL NO: 0007\n\t\t\t\t<\/dd><\/dl><br style=\"clear: both\" \/><dl class='gallery-item'>\n\t\t\t<dt class='gallery-icon landscape'>\n\t\t\t\t<img loading=\"lazy\" decoding=\"async\" width=\"800\" height=\"450\" src=\"https:\/\/apaydintanitim.com\/m\/wp-content\/uploads\/isikli-tabela-reklam-8-1.jpg\" class=\"attachment-full size-full\" alt=\"\" aria-describedby=\"gallery-2-1043\" srcset=\"https:\/\/apaydintanitim.com\/m\/wp-content\/uploads\/isikli-tabela-reklam-8-1.jpg 800w, https:\/\/apaydintanitim.com\/m\/wp-content\/uploads\/isikli-tabela-reklam-8-1-400x225.jpg 400w, https:\/\/apaydintanitim.com\/m\/wp-content\/uploads\/isikli-tabela-reklam-8-1-150x84.jpg 150w, https:\/\/apaydintanitim.com\/m\/wp-content\/uploads\/isikli-tabela-reklam-8-1-640x360.jpg 640w\" sizes=\"auto, (max-width: 800px) 100vw, 800px\" \/>\n\t\t\t<\/dt>\n\t\t\t\t<dd class='wp-caption-text gallery-caption' id='gallery-2-1043'>\n\t\t\t\t I\u015f\u0131kl\u0131 Tabela ve Reklam \u00dcr\u00fcnleri MODEL NO: 0008\n\t\t\t\t<\/dd><\/dl><br style=\"clear: both\" \/><dl class='gallery-item'>\n\t\t\t<dt class='gallery-icon landscape'>\n\t\t\t\t<img loading=\"lazy\" decoding=\"async\" width=\"800\" height=\"450\" src=\"https:\/\/apaydintanitim.com\/m\/wp-content\/uploads\/isikli-tabela-reklam-9-1.jpg\" class=\"attachment-full size-full\" alt=\"\" aria-describedby=\"gallery-2-1044\" srcset=\"https:\/\/apaydintanitim.com\/m\/wp-content\/uploads\/isikli-tabela-reklam-9-1.jpg 800w, https:\/\/apaydintanitim.com\/m\/wp-content\/uploads\/isikli-tabela-reklam-9-1-400x225.jpg 400w, https:\/\/apaydintanitim.com\/m\/wp-content\/uploads\/isikli-tabela-reklam-9-1-150x84.jpg 150w, https:\/\/apaydintanitim.com\/m\/wp-content\/uploads\/isikli-tabela-reklam-9-1-640x360.jpg 640w\" sizes=\"auto, (max-width: 800px) 100vw, 800px\" \/>\n\t\t\t<\/dt>\n\t\t\t\t<dd class='wp-caption-text gallery-caption' id='gallery-2-1044'>\n\t\t\t\t I\u015f\u0131kl\u0131 Tabela ve Reklam \u00dcr\u00fcnleri MODEL NO: 0009\n\t\t\t\t<\/dd><\/dl><br style=\"clear: both\" \/><dl class='gallery-item'>\n\t\t\t<dt class='gallery-icon landscape'>\n\t\t\t\t<img loading=\"lazy\" decoding=\"async\" width=\"800\" height=\"450\" src=\"https:\/\/apaydintanitim.com\/m\/wp-content\/uploads\/isikli-tabela-reklam-10-1.jpg\" class=\"attachment-full size-full\" alt=\"\" aria-describedby=\"gallery-2-1045\" srcset=\"https:\/\/apaydintanitim.com\/m\/wp-content\/uploads\/isikli-tabela-reklam-10-1.jpg 800w, https:\/\/apaydintanitim.com\/m\/wp-content\/uploads\/isikli-tabela-reklam-10-1-400x225.jpg 400w, https:\/\/apaydintanitim.com\/m\/wp-content\/uploads\/isikli-tabela-reklam-10-1-150x84.jpg 150w, https:\/\/apaydintanitim.com\/m\/wp-content\/uploads\/isikli-tabela-reklam-10-1-640x360.jpg 640w\" sizes=\"auto, (max-width: 800px) 100vw, 800px\" \/>\n\t\t\t<\/dt>\n\t\t\t\t<dd class='wp-caption-text gallery-caption' id='gallery-2-1045'>\n\t\t\t\t I\u015f\u0131kl\u0131 Tabela ve Reklam \u00dcr\u00fcnleri MODEL NO: 010\n\t\t\t\t<\/dd><\/dl><br style=\"clear: both\" \/>\n\t\t<\/div>\n\n","protected":false},"excerpt":{"rendered":"","protected":false},"author":1,"featured_media":0,"parent":0,"menu_order":0,"comment_status":"closed","ping_status":"closed","template":"templates\/fullwidth.php","meta":{"footnotes":""},"class_list":["post-86","page","type-page","status-publish","hentry","page-entry","loop-entry clr"],"_links":{"self":[{"href":"https:\/\/apaydintanitim.com\/m\/wp-json\/wp\/v2\/pages\/86","targetHints":{"allow":["GET"]}}],"collection":[{"href":"https:\/\/apaydintanitim.com\/m\/wp-json\/wp\/v2\/pages"}],"about":[{"href":"https:\/\/apaydintanitim.com\/m\/wp-json\/wp\/v2\/types\/page"}],"author":[{"embeddable":true,"href":"https:\/\/apaydintanitim.com\/m\/wp-json\/wp\/v2\/users\/1"}],"replies":[{"embeddable":true,"href":"https:\/\/apaydintanitim.com\/m\/wp-json\/wp\/v2\/comments?post=86"}],"version-history":[{"count":4,"href":"https:\/\/apaydintanitim.com\/m\/wp-json\/wp\/v2\/pages\/86\/revisions"}],"predecessor-version":[{"id":1050,"href":"https:\/\/apaydintanitim.com\/m\/wp-json\/wp\/v2\/pages\/86\/revisions\/1050"}],"wp:attachment":[{"href":"https:\/\/apaydintanitim.com\/m\/wp-json\/wp\/v2\/media?parent=86"}],"curies":[{"name":"wp","href":"https:\/\/api.w.org\/{rel}","templated":true}]}}