{"id":80,"date":"2015-12-16T13:17:11","date_gmt":"2015-12-16T11:17:11","guid":{"rendered":"http:\/\/apaydintanitim.com\/m\/?page_id=80"},"modified":"2016-01-07T09:32:38","modified_gmt":"2016-01-07T07:32:38","slug":"kozmetik-dekorasyon-ve-stand","status":"publish","type":"page","link":"https:\/\/apaydintanitim.com\/m\/kozmetik-dekorasyon-ve-stand\/","title":{"rendered":"Kozmetik dekorasyon ve stand"},"content":{"rendered":"\n\t\t<style type=\"text\/css\">\n\t\t\t#gallery-1 {\n\t\t\t\tmargin: auto;\n\t\t\t}\n\t\t\t#gallery-1 .gallery-item {\n\t\t\t\tfloat: left;\n\t\t\t\tmargin-top: 10px;\n\t\t\t\ttext-align: center;\n\t\t\t\twidth: 100%;\n\t\t\t}\n\t\t\t#gallery-1 img {\n\t\t\t\tborder: 2px solid #cfcfcf;\n\t\t\t}\n\t\t\t#gallery-1 .gallery-caption {\n\t\t\t\tmargin-left: 0;\n\t\t\t}\n\t\t\t\/* see gallery_shortcode() in wp-includes\/media.php *\/\n\t\t<\/style>\n\t\t<div id='gallery-1' class='gallery galleryid-80 gallery-columns-1 gallery-size-full'><dl class='gallery-item'>\n\t\t\t<dt class='gallery-icon landscape'>\n\t\t\t\t<img loading=\"lazy\" decoding=\"async\" width=\"800\" height=\"600\" src=\"https:\/\/apaydintanitim.com\/m\/wp-content\/uploads\/kozmetik-standi-1-1.jpg\" class=\"attachment-full size-full\" alt=\"\" aria-describedby=\"gallery-1-976\" srcset=\"https:\/\/apaydintanitim.com\/m\/wp-content\/uploads\/kozmetik-standi-1-1.jpg 800w, https:\/\/apaydintanitim.com\/m\/wp-content\/uploads\/kozmetik-standi-1-1-400x300.jpg 400w, https:\/\/apaydintanitim.com\/m\/wp-content\/uploads\/kozmetik-standi-1-1-150x113.jpg 150w, https:\/\/apaydintanitim.com\/m\/wp-content\/uploads\/kozmetik-standi-1-1-640x480.jpg 640w\" sizes=\"auto, (max-width: 800px) 100vw, 800px\" \/>\n\t\t\t<\/dt>\n\t\t\t\t<dd class='wp-caption-text gallery-caption' id='gallery-1-976'>\n\t\t\t\t Kozmetik Ma\u011faza Dekorasyonu Kozmetik Ma\u011faza Standlar\u0131 Yeni Modeller MODEL NO: 0001\n\t\t\t\t<\/dd><\/dl><br style=\"clear: both\" \/><dl class='gallery-item'>\n\t\t\t<dt class='gallery-icon landscape'>\n\t\t\t\t<img loading=\"lazy\" decoding=\"async\" width=\"800\" height=\"600\" src=\"https:\/\/apaydintanitim.com\/m\/wp-content\/uploads\/kozmetik-standi-2-1.jpg\" class=\"attachment-full size-full\" alt=\"\" aria-describedby=\"gallery-1-977\" srcset=\"https:\/\/apaydintanitim.com\/m\/wp-content\/uploads\/kozmetik-standi-2-1.jpg 800w, https:\/\/apaydintanitim.com\/m\/wp-content\/uploads\/kozmetik-standi-2-1-400x300.jpg 400w, https:\/\/apaydintanitim.com\/m\/wp-content\/uploads\/kozmetik-standi-2-1-150x113.jpg 150w, https:\/\/apaydintanitim.com\/m\/wp-content\/uploads\/kozmetik-standi-2-1-640x480.jpg 640w\" sizes=\"auto, (max-width: 800px) 100vw, 800px\" \/>\n\t\t\t<\/dt>\n\t\t\t\t<dd class='wp-caption-text gallery-caption' id='gallery-1-977'>\n\t\t\t\t Kozmetik Ma\u011faza Dekorasyonu Kozmetik Ma\u011faza Standlar\u0131 Yeni Modeller MODEL NO: 0002\n\t\t\t\t<\/dd><\/dl><br style=\"clear: both\" \/><dl class='gallery-item'>\n\t\t\t<dt class='gallery-icon landscape'>\n\t\t\t\t<img loading=\"lazy\" decoding=\"async\" width=\"800\" height=\"600\" src=\"https:\/\/apaydintanitim.com\/m\/wp-content\/uploads\/kozmetik-standi-3-1.jpg\" class=\"attachment-full size-full\" alt=\"\" aria-describedby=\"gallery-1-978\" srcset=\"https:\/\/apaydintanitim.com\/m\/wp-content\/uploads\/kozmetik-standi-3-1.jpg 800w, https:\/\/apaydintanitim.com\/m\/wp-content\/uploads\/kozmetik-standi-3-1-400x300.jpg 400w, https:\/\/apaydintanitim.com\/m\/wp-content\/uploads\/kozmetik-standi-3-1-150x113.jpg 150w, https:\/\/apaydintanitim.com\/m\/wp-content\/uploads\/kozmetik-standi-3-1-640x480.jpg 640w\" sizes=\"auto, (max-width: 800px) 100vw, 800px\" \/>\n\t\t\t<\/dt>\n\t\t\t\t<dd class='wp-caption-text gallery-caption' id='gallery-1-978'>\n\t\t\t\t Kozmetik Ma\u011faza Dekorasyonu Kozmetik Ma\u011faza Standlar\u0131 Yeni Modeller MODEL NO: 0003\n\t\t\t\t<\/dd><\/dl><br style=\"clear: both\" \/><dl class='gallery-item'>\n\t\t\t<dt class='gallery-icon landscape'>\n\t\t\t\t<img loading=\"lazy\" decoding=\"async\" width=\"800\" height=\"503\" src=\"https:\/\/apaydintanitim.com\/m\/wp-content\/uploads\/kozmetik-standi-4-1.jpg\" class=\"attachment-full size-full\" alt=\"\" aria-describedby=\"gallery-1-979\" srcset=\"https:\/\/apaydintanitim.com\/m\/wp-content\/uploads\/kozmetik-standi-4-1.jpg 800w, https:\/\/apaydintanitim.com\/m\/wp-content\/uploads\/kozmetik-standi-4-1-400x252.jpg 400w, https:\/\/apaydintanitim.com\/m\/wp-content\/uploads\/kozmetik-standi-4-1-150x94.jpg 150w, https:\/\/apaydintanitim.com\/m\/wp-content\/uploads\/kozmetik-standi-4-1-640x402.jpg 640w\" sizes=\"auto, (max-width: 800px) 100vw, 800px\" \/>\n\t\t\t<\/dt>\n\t\t\t\t<dd class='wp-caption-text gallery-caption' id='gallery-1-979'>\n\t\t\t\t Kozmetik Ma\u011faza Dekorasyonu Kozmetik Ma\u011faza Standlar\u0131 Yeni Modeller MODEL NO: 0004\n\t\t\t\t<\/dd><\/dl><br style=\"clear: both\" \/><dl class='gallery-item'>\n\t\t\t<dt class='gallery-icon landscape'>\n\t\t\t\t<img loading=\"lazy\" decoding=\"async\" width=\"800\" height=\"600\" src=\"https:\/\/apaydintanitim.com\/m\/wp-content\/uploads\/kozmetik-standi-5-1.jpg\" class=\"attachment-full size-full\" alt=\"\" aria-describedby=\"gallery-1-980\" srcset=\"https:\/\/apaydintanitim.com\/m\/wp-content\/uploads\/kozmetik-standi-5-1.jpg 800w, https:\/\/apaydintanitim.com\/m\/wp-content\/uploads\/kozmetik-standi-5-1-400x300.jpg 400w, https:\/\/apaydintanitim.com\/m\/wp-content\/uploads\/kozmetik-standi-5-1-150x113.jpg 150w, https:\/\/apaydintanitim.com\/m\/wp-content\/uploads\/kozmetik-standi-5-1-640x480.jpg 640w\" sizes=\"auto, (max-width: 800px) 100vw, 800px\" \/>\n\t\t\t<\/dt>\n\t\t\t\t<dd class='wp-caption-text gallery-caption' id='gallery-1-980'>\n\t\t\t\t Kozmetik Ma\u011faza Dekorasyonu Kozmetik Ma\u011faza Standlar\u0131 Yeni Modeller MODEL NO: 0005\n\t\t\t\t<\/dd><\/dl><br style=\"clear: both\" \/><dl class='gallery-item'>\n\t\t\t<dt class='gallery-icon landscape'>\n\t\t\t\t<img loading=\"lazy\" decoding=\"async\" width=\"800\" height=\"600\" src=\"https:\/\/apaydintanitim.com\/m\/wp-content\/uploads\/kozmetik-standi-6-1.jpg\" class=\"attachment-full size-full\" alt=\"\" aria-describedby=\"gallery-1-981\" srcset=\"https:\/\/apaydintanitim.com\/m\/wp-content\/uploads\/kozmetik-standi-6-1.jpg 800w, https:\/\/apaydintanitim.com\/m\/wp-content\/uploads\/kozmetik-standi-6-1-400x300.jpg 400w, https:\/\/apaydintanitim.com\/m\/wp-content\/uploads\/kozmetik-standi-6-1-150x113.jpg 150w, https:\/\/apaydintanitim.com\/m\/wp-content\/uploads\/kozmetik-standi-6-1-640x480.jpg 640w\" sizes=\"auto, (max-width: 800px) 100vw, 800px\" \/>\n\t\t\t<\/dt>\n\t\t\t\t<dd class='wp-caption-text gallery-caption' id='gallery-1-981'>\n\t\t\t\t Kozmetik Ma\u011faza Dekorasyonu Kozmetik Ma\u011faza Standlar\u0131 Yeni Modeller MODEL NO: 0006\n\t\t\t\t<\/dd><\/dl><br style=\"clear: both\" \/><dl class='gallery-item'>\n\t\t\t<dt class='gallery-icon landscape'>\n\t\t\t\t<img loading=\"lazy\" decoding=\"async\" width=\"800\" height=\"600\" src=\"https:\/\/apaydintanitim.com\/m\/wp-content\/uploads\/kozmetik-standi-7-1.jpg\" class=\"attachment-full size-full\" alt=\"\" aria-describedby=\"gallery-1-982\" srcset=\"https:\/\/apaydintanitim.com\/m\/wp-content\/uploads\/kozmetik-standi-7-1.jpg 800w, https:\/\/apaydintanitim.com\/m\/wp-content\/uploads\/kozmetik-standi-7-1-400x300.jpg 400w, https:\/\/apaydintanitim.com\/m\/wp-content\/uploads\/kozmetik-standi-7-1-150x113.jpg 150w, https:\/\/apaydintanitim.com\/m\/wp-content\/uploads\/kozmetik-standi-7-1-640x480.jpg 640w\" sizes=\"auto, (max-width: 800px) 100vw, 800px\" \/>\n\t\t\t<\/dt>\n\t\t\t\t<dd class='wp-caption-text gallery-caption' id='gallery-1-982'>\n\t\t\t\t Kozmetik Ma\u011faza Dekorasyonu Kozmetik Ma\u011faza Standlar\u0131 Yeni Modeller MODEL NO: 0007\n\t\t\t\t<\/dd><\/dl><br style=\"clear: both\" \/>\n\t\t<\/div>\n\n\n\t\t<style type=\"text\/css\">\n\t\t\t#gallery-2 {\n\t\t\t\tmargin: auto;\n\t\t\t}\n\t\t\t#gallery-2 .gallery-item {\n\t\t\t\tfloat: left;\n\t\t\t\tmargin-top: 10px;\n\t\t\t\ttext-align: center;\n\t\t\t\twidth: 100%;\n\t\t\t}\n\t\t\t#gallery-2 img {\n\t\t\t\tborder: 2px solid #cfcfcf;\n\t\t\t}\n\t\t\t#gallery-2 .gallery-caption {\n\t\t\t\tmargin-left: 0;\n\t\t\t}\n\t\t\t\/* see gallery_shortcode() in wp-includes\/media.php *\/\n\t\t<\/style>\n\t\t<div id='gallery-2' class='gallery galleryid-80 gallery-columns-1 gallery-size-full'><dl class='gallery-item'>\n\t\t\t<dt class='gallery-icon landscape'>\n\t\t\t\t<img loading=\"lazy\" decoding=\"async\" width=\"800\" height=\"450\" src=\"https:\/\/apaydintanitim.com\/m\/wp-content\/uploads\/kozmetik-standi-1.jpg\" class=\"attachment-full size-full\" alt=\"\" aria-describedby=\"gallery-2-959\" srcset=\"https:\/\/apaydintanitim.com\/m\/wp-content\/uploads\/kozmetik-standi-1.jpg 800w, https:\/\/apaydintanitim.com\/m\/wp-content\/uploads\/kozmetik-standi-1-400x225.jpg 400w, https:\/\/apaydintanitim.com\/m\/wp-content\/uploads\/kozmetik-standi-1-150x84.jpg 150w, https:\/\/apaydintanitim.com\/m\/wp-content\/uploads\/kozmetik-standi-1-640x360.jpg 640w\" sizes=\"auto, (max-width: 800px) 100vw, 800px\" \/>\n\t\t\t<\/dt>\n\t\t\t\t<dd class='wp-caption-text gallery-caption' id='gallery-2-959'>\n\t\t\t\tKozmetik Ma\u011faza Dekorasyonu Kozmetik Ma\u011faza Standlar\u0131MODEL NO: 0001\n\t\t\t\t<\/dd><\/dl><br style=\"clear: both\" \/><dl class='gallery-item'>\n\t\t\t<dt class='gallery-icon landscape'>\n\t\t\t\t<img loading=\"lazy\" decoding=\"async\" width=\"800\" height=\"450\" src=\"https:\/\/apaydintanitim.com\/m\/wp-content\/uploads\/kozmetik-standi-2.jpg\" class=\"attachment-full size-full\" alt=\"\" aria-describedby=\"gallery-2-960\" srcset=\"https:\/\/apaydintanitim.com\/m\/wp-content\/uploads\/kozmetik-standi-2.jpg 800w, https:\/\/apaydintanitim.com\/m\/wp-content\/uploads\/kozmetik-standi-2-400x225.jpg 400w, https:\/\/apaydintanitim.com\/m\/wp-content\/uploads\/kozmetik-standi-2-150x84.jpg 150w, https:\/\/apaydintanitim.com\/m\/wp-content\/uploads\/kozmetik-standi-2-640x360.jpg 640w\" sizes=\"auto, (max-width: 800px) 100vw, 800px\" \/>\n\t\t\t<\/dt>\n\t\t\t\t<dd class='wp-caption-text gallery-caption' id='gallery-2-960'>\n\t\t\t\tKozmetik Ma\u011faza Dekorasyonu Kozmetik Ma\u011faza Standlar\u0131MODEL NO: 0002\n\t\t\t\t<\/dd><\/dl><br style=\"clear: both\" \/><dl class='gallery-item'>\n\t\t\t<dt class='gallery-icon landscape'>\n\t\t\t\t<img loading=\"lazy\" decoding=\"async\" width=\"800\" height=\"450\" src=\"https:\/\/apaydintanitim.com\/m\/wp-content\/uploads\/kozmetik-standi-3.jpg\" class=\"attachment-full size-full\" alt=\"\" aria-describedby=\"gallery-2-961\" srcset=\"https:\/\/apaydintanitim.com\/m\/wp-content\/uploads\/kozmetik-standi-3.jpg 800w, https:\/\/apaydintanitim.com\/m\/wp-content\/uploads\/kozmetik-standi-3-400x225.jpg 400w, https:\/\/apaydintanitim.com\/m\/wp-content\/uploads\/kozmetik-standi-3-150x84.jpg 150w, https:\/\/apaydintanitim.com\/m\/wp-content\/uploads\/kozmetik-standi-3-640x360.jpg 640w\" sizes=\"auto, (max-width: 800px) 100vw, 800px\" \/>\n\t\t\t<\/dt>\n\t\t\t\t<dd class='wp-caption-text gallery-caption' id='gallery-2-961'>\n\t\t\t\tKozmetik Ma\u011faza Dekorasyonu Kozmetik Ma\u011faza Standlar\u0131MODEL NO: 0003\n\t\t\t\t<\/dd><\/dl><br style=\"clear: both\" \/><dl class='gallery-item'>\n\t\t\t<dt class='gallery-icon landscape'>\n\t\t\t\t<img loading=\"lazy\" decoding=\"async\" width=\"800\" height=\"450\" src=\"https:\/\/apaydintanitim.com\/m\/wp-content\/uploads\/kozmetik-standi-4.jpg\" class=\"attachment-full size-full\" alt=\"\" aria-describedby=\"gallery-2-962\" srcset=\"https:\/\/apaydintanitim.com\/m\/wp-content\/uploads\/kozmetik-standi-4.jpg 800w, https:\/\/apaydintanitim.com\/m\/wp-content\/uploads\/kozmetik-standi-4-400x225.jpg 400w, https:\/\/apaydintanitim.com\/m\/wp-content\/uploads\/kozmetik-standi-4-150x84.jpg 150w, https:\/\/apaydintanitim.com\/m\/wp-content\/uploads\/kozmetik-standi-4-640x360.jpg 640w\" sizes=\"auto, (max-width: 800px) 100vw, 800px\" \/>\n\t\t\t<\/dt>\n\t\t\t\t<dd class='wp-caption-text gallery-caption' id='gallery-2-962'>\n\t\t\t\tKozmetik Ma\u011faza Dekorasyonu Kozmetik Ma\u011faza Standlar\u0131MODEL NO: 0004\n\t\t\t\t<\/dd><\/dl><br style=\"clear: both\" \/><dl class='gallery-item'>\n\t\t\t<dt class='gallery-icon landscape'>\n\t\t\t\t<img loading=\"lazy\" decoding=\"async\" width=\"800\" height=\"450\" src=\"https:\/\/apaydintanitim.com\/m\/wp-content\/uploads\/kozmetik-standi-5.jpg\" class=\"attachment-full size-full\" alt=\"\" aria-describedby=\"gallery-2-963\" srcset=\"https:\/\/apaydintanitim.com\/m\/wp-content\/uploads\/kozmetik-standi-5.jpg 800w, https:\/\/apaydintanitim.com\/m\/wp-content\/uploads\/kozmetik-standi-5-400x225.jpg 400w, https:\/\/apaydintanitim.com\/m\/wp-content\/uploads\/kozmetik-standi-5-150x84.jpg 150w, https:\/\/apaydintanitim.com\/m\/wp-content\/uploads\/kozmetik-standi-5-640x360.jpg 640w\" sizes=\"auto, (max-width: 800px) 100vw, 800px\" \/>\n\t\t\t<\/dt>\n\t\t\t\t<dd class='wp-caption-text gallery-caption' id='gallery-2-963'>\n\t\t\t\tKozmetik Ma\u011faza Dekorasyonu Kozmetik Ma\u011faza Standlar\u0131MODEL NO: 0005\n\t\t\t\t<\/dd><\/dl><br style=\"clear: both\" \/><dl class='gallery-item'>\n\t\t\t<dt class='gallery-icon landscape'>\n\t\t\t\t<img loading=\"lazy\" decoding=\"async\" width=\"800\" height=\"450\" src=\"https:\/\/apaydintanitim.com\/m\/wp-content\/uploads\/kozmetik-standi-6.jpg\" class=\"attachment-full size-full\" alt=\"\" aria-describedby=\"gallery-2-964\" srcset=\"https:\/\/apaydintanitim.com\/m\/wp-content\/uploads\/kozmetik-standi-6.jpg 800w, https:\/\/apaydintanitim.com\/m\/wp-content\/uploads\/kozmetik-standi-6-400x225.jpg 400w, https:\/\/apaydintanitim.com\/m\/wp-content\/uploads\/kozmetik-standi-6-150x84.jpg 150w, https:\/\/apaydintanitim.com\/m\/wp-content\/uploads\/kozmetik-standi-6-640x360.jpg 640w\" sizes=\"auto, (max-width: 800px) 100vw, 800px\" \/>\n\t\t\t<\/dt>\n\t\t\t\t<dd class='wp-caption-text gallery-caption' id='gallery-2-964'>\n\t\t\t\tKozmetik Ma\u011faza Dekorasyonu Kozmetik Ma\u011faza Standlar\u0131MODEL NO: 0006\n\t\t\t\t<\/dd><\/dl><br style=\"clear: both\" \/><dl class='gallery-item'>\n\t\t\t<dt class='gallery-icon landscape'>\n\t\t\t\t<img loading=\"lazy\" decoding=\"async\" width=\"800\" height=\"450\" src=\"https:\/\/apaydintanitim.com\/m\/wp-content\/uploads\/kozmetik-standi-7.jpg\" class=\"attachment-full size-full\" alt=\"\" aria-describedby=\"gallery-2-965\" srcset=\"https:\/\/apaydintanitim.com\/m\/wp-content\/uploads\/kozmetik-standi-7.jpg 800w, https:\/\/apaydintanitim.com\/m\/wp-content\/uploads\/kozmetik-standi-7-400x225.jpg 400w, https:\/\/apaydintanitim.com\/m\/wp-content\/uploads\/kozmetik-standi-7-150x84.jpg 150w, https:\/\/apaydintanitim.com\/m\/wp-content\/uploads\/kozmetik-standi-7-640x360.jpg 640w\" sizes=\"auto, (max-width: 800px) 100vw, 800px\" \/>\n\t\t\t<\/dt>\n\t\t\t\t<dd class='wp-caption-text gallery-caption' id='gallery-2-965'>\n\t\t\t\tKozmetik Ma\u011faza Dekorasyonu Kozmetik Ma\u011faza Standlar\u0131MODEL NO: 0007\n\t\t\t\t<\/dd><\/dl><br style=\"clear: both\" \/><dl class='gallery-item'>\n\t\t\t<dt class='gallery-icon landscape'>\n\t\t\t\t<img loading=\"lazy\" decoding=\"async\" width=\"800\" height=\"450\" src=\"https:\/\/apaydintanitim.com\/m\/wp-content\/uploads\/kozmetik-standi-8.jpg\" class=\"attachment-full size-full\" alt=\"\" aria-describedby=\"gallery-2-966\" srcset=\"https:\/\/apaydintanitim.com\/m\/wp-content\/uploads\/kozmetik-standi-8.jpg 800w, https:\/\/apaydintanitim.com\/m\/wp-content\/uploads\/kozmetik-standi-8-400x225.jpg 400w, https:\/\/apaydintanitim.com\/m\/wp-content\/uploads\/kozmetik-standi-8-150x84.jpg 150w, https:\/\/apaydintanitim.com\/m\/wp-content\/uploads\/kozmetik-standi-8-640x360.jpg 640w\" sizes=\"auto, (max-width: 800px) 100vw, 800px\" \/>\n\t\t\t<\/dt>\n\t\t\t\t<dd class='wp-caption-text gallery-caption' id='gallery-2-966'>\n\t\t\t\tKozmetik Ma\u011faza Dekorasyonu Kozmetik Ma\u011faza Standlar\u0131MODEL NO: 0008\n\t\t\t\t<\/dd><\/dl><br style=\"clear: both\" \/><dl class='gallery-item'>\n\t\t\t<dt class='gallery-icon landscape'>\n\t\t\t\t<img loading=\"lazy\" decoding=\"async\" width=\"800\" height=\"383\" src=\"https:\/\/apaydintanitim.com\/m\/wp-content\/uploads\/kozmetik-standi-9.jpg\" class=\"attachment-full size-full\" alt=\"\" aria-describedby=\"gallery-2-967\" srcset=\"https:\/\/apaydintanitim.com\/m\/wp-content\/uploads\/kozmetik-standi-9.jpg 800w, https:\/\/apaydintanitim.com\/m\/wp-content\/uploads\/kozmetik-standi-9-400x192.jpg 400w, https:\/\/apaydintanitim.com\/m\/wp-content\/uploads\/kozmetik-standi-9-150x72.jpg 150w, https:\/\/apaydintanitim.com\/m\/wp-content\/uploads\/kozmetik-standi-9-640x306.jpg 640w\" sizes=\"auto, (max-width: 800px) 100vw, 800px\" \/>\n\t\t\t<\/dt>\n\t\t\t\t<dd class='wp-caption-text gallery-caption' id='gallery-2-967'>\n\t\t\t\tKozmetik Ma\u011faza Dekorasyonu Kozmetik Ma\u011faza Standlar\u0131MODEL NO: 0009\n\t\t\t\t<\/dd><\/dl><br style=\"clear: both\" \/><dl class='gallery-item'>\n\t\t\t<dt class='gallery-icon landscape'>\n\t\t\t\t<img loading=\"lazy\" decoding=\"async\" width=\"800\" height=\"450\" src=\"https:\/\/apaydintanitim.com\/m\/wp-content\/uploads\/kozmetik-standi-10.jpg\" class=\"attachment-full size-full\" alt=\"\" aria-describedby=\"gallery-2-968\" srcset=\"https:\/\/apaydintanitim.com\/m\/wp-content\/uploads\/kozmetik-standi-10.jpg 800w, https:\/\/apaydintanitim.com\/m\/wp-content\/uploads\/kozmetik-standi-10-400x225.jpg 400w, https:\/\/apaydintanitim.com\/m\/wp-content\/uploads\/kozmetik-standi-10-150x84.jpg 150w, https:\/\/apaydintanitim.com\/m\/wp-content\/uploads\/kozmetik-standi-10-640x360.jpg 640w\" sizes=\"auto, (max-width: 800px) 100vw, 800px\" \/>\n\t\t\t<\/dt>\n\t\t\t\t<dd class='wp-caption-text gallery-caption' id='gallery-2-968'>\n\t\t\t\tKozmetik Ma\u011faza Dekorasyonu Kozmetik Ma\u011faza Standlar\u0131MODEL NO: 0010\n\t\t\t\t<\/dd><\/dl><br style=\"clear: both\" \/><dl class='gallery-item'>\n\t\t\t<dt class='gallery-icon landscape'>\n\t\t\t\t<img loading=\"lazy\" decoding=\"async\" width=\"800\" height=\"450\" src=\"https:\/\/apaydintanitim.com\/m\/wp-content\/uploads\/kozmetik-standi-11.jpg\" class=\"attachment-full size-full\" alt=\"\" aria-describedby=\"gallery-2-969\" srcset=\"https:\/\/apaydintanitim.com\/m\/wp-content\/uploads\/kozmetik-standi-11.jpg 800w, https:\/\/apaydintanitim.com\/m\/wp-content\/uploads\/kozmetik-standi-11-400x225.jpg 400w, https:\/\/apaydintanitim.com\/m\/wp-content\/uploads\/kozmetik-standi-11-150x84.jpg 150w, https:\/\/apaydintanitim.com\/m\/wp-content\/uploads\/kozmetik-standi-11-640x360.jpg 640w\" sizes=\"auto, (max-width: 800px) 100vw, 800px\" \/>\n\t\t\t<\/dt>\n\t\t\t\t<dd class='wp-caption-text gallery-caption' id='gallery-2-969'>\n\t\t\t\tKozmetik Ma\u011faza Dekorasyonu Kozmetik Ma\u011faza Standlar\u0131MODEL NO: 0011\n\t\t\t\t<\/dd><\/dl><br style=\"clear: both\" \/><dl class='gallery-item'>\n\t\t\t<dt class='gallery-icon landscape'>\n\t\t\t\t<img loading=\"lazy\" decoding=\"async\" width=\"800\" height=\"450\" src=\"https:\/\/apaydintanitim.com\/m\/wp-content\/uploads\/kozmetik-standi-12.jpg\" class=\"attachment-full size-full\" alt=\"\" aria-describedby=\"gallery-2-970\" srcset=\"https:\/\/apaydintanitim.com\/m\/wp-content\/uploads\/kozmetik-standi-12.jpg 800w, https:\/\/apaydintanitim.com\/m\/wp-content\/uploads\/kozmetik-standi-12-400x225.jpg 400w, https:\/\/apaydintanitim.com\/m\/wp-content\/uploads\/kozmetik-standi-12-150x84.jpg 150w, https:\/\/apaydintanitim.com\/m\/wp-content\/uploads\/kozmetik-standi-12-640x360.jpg 640w\" sizes=\"auto, (max-width: 800px) 100vw, 800px\" \/>\n\t\t\t<\/dt>\n\t\t\t\t<dd class='wp-caption-text gallery-caption' id='gallery-2-970'>\n\t\t\t\tKozmetik Ma\u011faza Dekorasyonu Kozmetik Ma\u011faza Standlar\u0131MODEL NO: 0012\n\t\t\t\t<\/dd><\/dl><br style=\"clear: both\" \/><dl class='gallery-item'>\n\t\t\t<dt class='gallery-icon landscape'>\n\t\t\t\t<img loading=\"lazy\" decoding=\"async\" width=\"800\" height=\"450\" src=\"https:\/\/apaydintanitim.com\/m\/wp-content\/uploads\/kozmetik-standi-13.jpg\" class=\"attachment-full size-full\" alt=\"\" aria-describedby=\"gallery-2-971\" srcset=\"https:\/\/apaydintanitim.com\/m\/wp-content\/uploads\/kozmetik-standi-13.jpg 800w, https:\/\/apaydintanitim.com\/m\/wp-content\/uploads\/kozmetik-standi-13-400x225.jpg 400w, https:\/\/apaydintanitim.com\/m\/wp-content\/uploads\/kozmetik-standi-13-150x84.jpg 150w, https:\/\/apaydintanitim.com\/m\/wp-content\/uploads\/kozmetik-standi-13-640x360.jpg 640w\" sizes=\"auto, (max-width: 800px) 100vw, 800px\" \/>\n\t\t\t<\/dt>\n\t\t\t\t<dd class='wp-caption-text gallery-caption' id='gallery-2-971'>\n\t\t\t\tKozmetik Ma\u011faza Dekorasyonu Kozmetik Ma\u011faza Standlar\u0131MODEL NO: 0013\n\t\t\t\t<\/dd><\/dl><br style=\"clear: both\" \/><dl class='gallery-item'>\n\t\t\t<dt class='gallery-icon landscape'>\n\t\t\t\t<img loading=\"lazy\" decoding=\"async\" width=\"800\" height=\"450\" src=\"https:\/\/apaydintanitim.com\/m\/wp-content\/uploads\/kozmetik-standi-14.jpg\" class=\"attachment-full size-full\" alt=\"\" aria-describedby=\"gallery-2-972\" srcset=\"https:\/\/apaydintanitim.com\/m\/wp-content\/uploads\/kozmetik-standi-14.jpg 800w, https:\/\/apaydintanitim.com\/m\/wp-content\/uploads\/kozmetik-standi-14-400x225.jpg 400w, https:\/\/apaydintanitim.com\/m\/wp-content\/uploads\/kozmetik-standi-14-150x84.jpg 150w, https:\/\/apaydintanitim.com\/m\/wp-content\/uploads\/kozmetik-standi-14-640x360.jpg 640w\" sizes=\"auto, (max-width: 800px) 100vw, 800px\" \/>\n\t\t\t<\/dt>\n\t\t\t\t<dd class='wp-caption-text gallery-caption' id='gallery-2-972'>\n\t\t\t\tKozmetik Ma\u011faza Dekorasyonu Kozmetik Ma\u011faza Standlar\u0131MODEL NO: 0014\n\t\t\t\t<\/dd><\/dl><br style=\"clear: both\" \/><dl class='gallery-item'>\n\t\t\t<dt class='gallery-icon landscape'>\n\t\t\t\t<img loading=\"lazy\" decoding=\"async\" width=\"800\" height=\"600\" src=\"https:\/\/apaydintanitim.com\/m\/wp-content\/uploads\/kozmetik-standi-15.jpg\" class=\"attachment-full size-full\" alt=\"\" aria-describedby=\"gallery-2-973\" srcset=\"https:\/\/apaydintanitim.com\/m\/wp-content\/uploads\/kozmetik-standi-15.jpg 800w, https:\/\/apaydintanitim.com\/m\/wp-content\/uploads\/kozmetik-standi-15-400x300.jpg 400w, https:\/\/apaydintanitim.com\/m\/wp-content\/uploads\/kozmetik-standi-15-150x113.jpg 150w, https:\/\/apaydintanitim.com\/m\/wp-content\/uploads\/kozmetik-standi-15-640x480.jpg 640w\" sizes=\"auto, (max-width: 800px) 100vw, 800px\" \/>\n\t\t\t<\/dt>\n\t\t\t\t<dd class='wp-caption-text gallery-caption' id='gallery-2-973'>\n\t\t\t\tKozmetik Ma\u011faza Dekorasyonu Kozmetik Ma\u011faza Standlar\u0131MODEL NO: 0015\n\t\t\t\t<\/dd><\/dl><br style=\"clear: both\" \/><dl class='gallery-item'>\n\t\t\t<dt class='gallery-icon portrait'>\n\t\t\t\t<img loading=\"lazy\" decoding=\"async\" width=\"600\" height=\"800\" src=\"https:\/\/apaydintanitim.com\/m\/wp-content\/uploads\/kozmetik-standi-16.jpg\" class=\"attachment-full size-full\" alt=\"\" aria-describedby=\"gallery-2-974\" srcset=\"https:\/\/apaydintanitim.com\/m\/wp-content\/uploads\/kozmetik-standi-16.jpg 600w, https:\/\/apaydintanitim.com\/m\/wp-content\/uploads\/kozmetik-standi-16-300x400.jpg 300w, https:\/\/apaydintanitim.com\/m\/wp-content\/uploads\/kozmetik-standi-16-113x150.jpg 113w\" sizes=\"auto, (max-width: 600px) 100vw, 600px\" \/>\n\t\t\t<\/dt>\n\t\t\t\t<dd class='wp-caption-text gallery-caption' id='gallery-2-974'>\n\t\t\t\tKozmetik Ma\u011faza Dekorasyonu Kozmetik Ma\u011faza Standlar\u0131MODEL NO: 0016\n\t\t\t\t<\/dd><\/dl><br style=\"clear: both\" \/>\n\t\t<\/div>\n\n","protected":false},"excerpt":{"rendered":"","protected":false},"author":1,"featured_media":0,"parent":0,"menu_order":0,"comment_status":"closed","ping_status":"closed","template":"templates\/fullwidth.php","meta":{"footnotes":""},"class_list":["post-80","page","type-page","status-publish","hentry","page-entry","loop-entry clr"],"_links":{"self":[{"href":"https:\/\/apaydintanitim.com\/m\/wp-json\/wp\/v2\/pages\/80","targetHints":{"allow":["GET"]}}],"collection":[{"href":"https:\/\/apaydintanitim.com\/m\/wp-json\/wp\/v2\/pages"}],"about":[{"href":"https:\/\/apaydintanitim.com\/m\/wp-json\/wp\/v2\/types\/page"}],"author":[{"embeddable":true,"href":"https:\/\/apaydintanitim.com\/m\/wp-json\/wp\/v2\/users\/1"}],"replies":[{"embeddable":true,"href":"https:\/\/apaydintanitim.com\/m\/wp-json\/wp\/v2\/comments?post=80"}],"version-history":[{"count":4,"href":"https:\/\/apaydintanitim.com\/m\/wp-json\/wp\/v2\/pages\/80\/revisions"}],"predecessor-version":[{"id":984,"href":"https:\/\/apaydintanitim.com\/m\/wp-json\/wp\/v2\/pages\/80\/revisions\/984"}],"wp:attachment":[{"href":"https:\/\/apaydintanitim.com\/m\/wp-json\/wp\/v2\/media?parent=80"}],"curies":[{"name":"wp","href":"https:\/\/api.w.org\/{rel}","templated":true}]}}