{"id":76,"date":"2015-12-16T13:16:15","date_gmt":"2015-12-16T11:16:15","guid":{"rendered":"http:\/\/apaydintanitim.com\/m\/?page_id=76"},"modified":"2016-01-07T08:43:44","modified_gmt":"2016-01-07T06:43:44","slug":"ahsap-kutular","status":"publish","type":"page","link":"https:\/\/apaydintanitim.com\/m\/ahsap-kutular\/","title":{"rendered":"Ah\u015fap kutular"},"content":{"rendered":"\n\t\t<style type=\"text\/css\">\n\t\t\t#gallery-1 {\n\t\t\t\tmargin: auto;\n\t\t\t}\n\t\t\t#gallery-1 .gallery-item {\n\t\t\t\tfloat: left;\n\t\t\t\tmargin-top: 10px;\n\t\t\t\ttext-align: center;\n\t\t\t\twidth: 100%;\n\t\t\t}\n\t\t\t#gallery-1 img {\n\t\t\t\tborder: 2px solid #cfcfcf;\n\t\t\t}\n\t\t\t#gallery-1 .gallery-caption {\n\t\t\t\tmargin-left: 0;\n\t\t\t}\n\t\t\t\/* see gallery_shortcode() in wp-includes\/media.php *\/\n\t\t<\/style>\n\t\t<div id='gallery-1' class='gallery galleryid-76 gallery-columns-1 gallery-size-full'><dl class='gallery-item'>\n\t\t\t<dt class='gallery-icon landscape'>\n\t\t\t\t<img loading=\"lazy\" decoding=\"async\" width=\"800\" height=\"450\" src=\"https:\/\/apaydintanitim.com\/m\/wp-content\/uploads\/ahsap-urun-kutusu-1.jpg\" class=\"attachment-full size-full\" alt=\"\" aria-describedby=\"gallery-1-898\" srcset=\"https:\/\/apaydintanitim.com\/m\/wp-content\/uploads\/ahsap-urun-kutusu-1.jpg 800w, https:\/\/apaydintanitim.com\/m\/wp-content\/uploads\/ahsap-urun-kutusu-1-400x225.jpg 400w, https:\/\/apaydintanitim.com\/m\/wp-content\/uploads\/ahsap-urun-kutusu-1-150x84.jpg 150w, https:\/\/apaydintanitim.com\/m\/wp-content\/uploads\/ahsap-urun-kutusu-1-640x360.jpg 640w\" sizes=\"auto, (max-width: 800px) 100vw, 800px\" \/>\n\t\t\t<\/dt>\n\t\t\t\t<dd class='wp-caption-text gallery-caption' id='gallery-1-898'>\n\t\t\t\t Ah\u015fap Tan\u0131t\u0131m Kutular\u0131 Ah\u015fap Kutu MODEL NO: 0001\n\t\t\t\t<\/dd><\/dl><br style=\"clear: both\" \/><dl class='gallery-item'>\n\t\t\t<dt class='gallery-icon landscape'>\n\t\t\t\t<img loading=\"lazy\" decoding=\"async\" width=\"800\" height=\"450\" src=\"https:\/\/apaydintanitim.com\/m\/wp-content\/uploads\/ahsap-urun-kutusu-2.jpg\" class=\"attachment-full size-full\" alt=\"\" aria-describedby=\"gallery-1-899\" srcset=\"https:\/\/apaydintanitim.com\/m\/wp-content\/uploads\/ahsap-urun-kutusu-2.jpg 800w, https:\/\/apaydintanitim.com\/m\/wp-content\/uploads\/ahsap-urun-kutusu-2-400x225.jpg 400w, https:\/\/apaydintanitim.com\/m\/wp-content\/uploads\/ahsap-urun-kutusu-2-150x84.jpg 150w, https:\/\/apaydintanitim.com\/m\/wp-content\/uploads\/ahsap-urun-kutusu-2-640x360.jpg 640w\" sizes=\"auto, (max-width: 800px) 100vw, 800px\" \/>\n\t\t\t<\/dt>\n\t\t\t\t<dd class='wp-caption-text gallery-caption' id='gallery-1-899'>\n\t\t\t\t Ah\u015fap Tan\u0131t\u0131m Kutular\u0131 Ah\u015fap Kutu MODEL NO: 0002\n\t\t\t\t<\/dd><\/dl><br style=\"clear: both\" \/><dl class='gallery-item'>\n\t\t\t<dt class='gallery-icon landscape'>\n\t\t\t\t<img loading=\"lazy\" decoding=\"async\" width=\"800\" height=\"450\" src=\"https:\/\/apaydintanitim.com\/m\/wp-content\/uploads\/ahsap-urun-kutusu-3.jpg\" class=\"attachment-full size-full\" alt=\"\" aria-describedby=\"gallery-1-900\" srcset=\"https:\/\/apaydintanitim.com\/m\/wp-content\/uploads\/ahsap-urun-kutusu-3.jpg 800w, https:\/\/apaydintanitim.com\/m\/wp-content\/uploads\/ahsap-urun-kutusu-3-400x225.jpg 400w, https:\/\/apaydintanitim.com\/m\/wp-content\/uploads\/ahsap-urun-kutusu-3-150x84.jpg 150w, https:\/\/apaydintanitim.com\/m\/wp-content\/uploads\/ahsap-urun-kutusu-3-640x360.jpg 640w\" sizes=\"auto, (max-width: 800px) 100vw, 800px\" \/>\n\t\t\t<\/dt>\n\t\t\t\t<dd class='wp-caption-text gallery-caption' id='gallery-1-900'>\n\t\t\t\t Ah\u015fap Tan\u0131t\u0131m Kutular\u0131 Ah\u015fap Kutu MODEL NO: 0003\n\t\t\t\t<\/dd><\/dl><br style=\"clear: both\" \/><dl class='gallery-item'>\n\t\t\t<dt class='gallery-icon landscape'>\n\t\t\t\t<img loading=\"lazy\" decoding=\"async\" width=\"800\" height=\"450\" src=\"https:\/\/apaydintanitim.com\/m\/wp-content\/uploads\/ahsap-urun-kutusu-4.jpg\" class=\"attachment-full size-full\" alt=\"\" aria-describedby=\"gallery-1-901\" srcset=\"https:\/\/apaydintanitim.com\/m\/wp-content\/uploads\/ahsap-urun-kutusu-4.jpg 800w, https:\/\/apaydintanitim.com\/m\/wp-content\/uploads\/ahsap-urun-kutusu-4-400x225.jpg 400w, https:\/\/apaydintanitim.com\/m\/wp-content\/uploads\/ahsap-urun-kutusu-4-150x84.jpg 150w, https:\/\/apaydintanitim.com\/m\/wp-content\/uploads\/ahsap-urun-kutusu-4-640x360.jpg 640w\" sizes=\"auto, (max-width: 800px) 100vw, 800px\" \/>\n\t\t\t<\/dt>\n\t\t\t\t<dd class='wp-caption-text gallery-caption' id='gallery-1-901'>\n\t\t\t\t Ah\u015fap Tan\u0131t\u0131m Kutular\u0131 Ah\u015fap Kutu MODEL NO: 0004\n\t\t\t\t<\/dd><\/dl><br style=\"clear: both\" \/><dl class='gallery-item'>\n\t\t\t<dt class='gallery-icon landscape'>\n\t\t\t\t<img loading=\"lazy\" decoding=\"async\" width=\"800\" height=\"450\" src=\"https:\/\/apaydintanitim.com\/m\/wp-content\/uploads\/ahsap-urun-kutusu-5.jpg\" class=\"attachment-full size-full\" alt=\"\" aria-describedby=\"gallery-1-902\" srcset=\"https:\/\/apaydintanitim.com\/m\/wp-content\/uploads\/ahsap-urun-kutusu-5.jpg 800w, https:\/\/apaydintanitim.com\/m\/wp-content\/uploads\/ahsap-urun-kutusu-5-400x225.jpg 400w, https:\/\/apaydintanitim.com\/m\/wp-content\/uploads\/ahsap-urun-kutusu-5-150x84.jpg 150w, https:\/\/apaydintanitim.com\/m\/wp-content\/uploads\/ahsap-urun-kutusu-5-640x360.jpg 640w\" sizes=\"auto, (max-width: 800px) 100vw, 800px\" \/>\n\t\t\t<\/dt>\n\t\t\t\t<dd class='wp-caption-text gallery-caption' id='gallery-1-902'>\n\t\t\t\t Ah\u015fap Tan\u0131t\u0131m Kutular\u0131 Ah\u015fap Kutu MODEL NO: 0005\n\t\t\t\t<\/dd><\/dl><br style=\"clear: both\" \/><dl class='gallery-item'>\n\t\t\t<dt class='gallery-icon landscape'>\n\t\t\t\t<img loading=\"lazy\" decoding=\"async\" width=\"800\" height=\"450\" src=\"https:\/\/apaydintanitim.com\/m\/wp-content\/uploads\/ahsap-urun-kutusu-6.jpg\" class=\"attachment-full size-full\" alt=\"\" aria-describedby=\"gallery-1-903\" srcset=\"https:\/\/apaydintanitim.com\/m\/wp-content\/uploads\/ahsap-urun-kutusu-6.jpg 800w, https:\/\/apaydintanitim.com\/m\/wp-content\/uploads\/ahsap-urun-kutusu-6-400x225.jpg 400w, https:\/\/apaydintanitim.com\/m\/wp-content\/uploads\/ahsap-urun-kutusu-6-150x84.jpg 150w, https:\/\/apaydintanitim.com\/m\/wp-content\/uploads\/ahsap-urun-kutusu-6-640x360.jpg 640w\" sizes=\"auto, (max-width: 800px) 100vw, 800px\" \/>\n\t\t\t<\/dt>\n\t\t\t\t<dd class='wp-caption-text gallery-caption' id='gallery-1-903'>\n\t\t\t\t Ah\u015fap Tan\u0131t\u0131m Kutular\u0131 Ah\u015fap Kutu MODEL NO: 0006\n\t\t\t\t<\/dd><\/dl><br style=\"clear: both\" \/>\n\t\t<\/div>\n\n","protected":false},"excerpt":{"rendered":"","protected":false},"author":1,"featured_media":0,"parent":0,"menu_order":0,"comment_status":"closed","ping_status":"closed","template":"templates\/fullwidth.php","meta":{"footnotes":""},"class_list":["post-76","page","type-page","status-publish","hentry","page-entry","loop-entry clr"],"_links":{"self":[{"href":"https:\/\/apaydintanitim.com\/m\/wp-json\/wp\/v2\/pages\/76","targetHints":{"allow":["GET"]}}],"collection":[{"href":"https:\/\/apaydintanitim.com\/m\/wp-json\/wp\/v2\/pages"}],"about":[{"href":"https:\/\/apaydintanitim.com\/m\/wp-json\/wp\/v2\/types\/page"}],"author":[{"embeddable":true,"href":"https:\/\/apaydintanitim.com\/m\/wp-json\/wp\/v2\/users\/1"}],"replies":[{"embeddable":true,"href":"https:\/\/apaydintanitim.com\/m\/wp-json\/wp\/v2\/comments?post=76"}],"version-history":[{"count":3,"href":"https:\/\/apaydintanitim.com\/m\/wp-json\/wp\/v2\/pages\/76\/revisions"}],"predecessor-version":[{"id":905,"href":"https:\/\/apaydintanitim.com\/m\/wp-json\/wp\/v2\/pages\/76\/revisions\/905"}],"wp:attachment":[{"href":"https:\/\/apaydintanitim.com\/m\/wp-json\/wp\/v2\/media?parent=76"}],"curies":[{"name":"wp","href":"https:\/\/api.w.org\/{rel}","templated":true}]}}