{"id":74,"date":"2015-12-16T13:15:52","date_gmt":"2015-12-16T11:15:52","guid":{"rendered":"http:\/\/apaydintanitim.com\/m\/?page_id=74"},"modified":"2016-01-07T08:41:47","modified_gmt":"2016-01-07T06:41:47","slug":"bijuteritakimucevherat-standlari","status":"publish","type":"page","link":"https:\/\/apaydintanitim.com\/m\/bijuteritakimucevherat-standlari\/","title":{"rendered":"Bijuteri,tak\u0131,m\u00fccevherat standlar\u0131"},"content":{"rendered":"\n\t\t<style type=\"text\/css\">\n\t\t\t#gallery-1 {\n\t\t\t\tmargin: auto;\n\t\t\t}\n\t\t\t#gallery-1 .gallery-item {\n\t\t\t\tfloat: left;\n\t\t\t\tmargin-top: 10px;\n\t\t\t\ttext-align: center;\n\t\t\t\twidth: 100%;\n\t\t\t}\n\t\t\t#gallery-1 img {\n\t\t\t\tborder: 2px solid #cfcfcf;\n\t\t\t}\n\t\t\t#gallery-1 .gallery-caption {\n\t\t\t\tmargin-left: 0;\n\t\t\t}\n\t\t\t\/* see gallery_shortcode() in wp-includes\/media.php *\/\n\t\t<\/style>\n\t\t<div id='gallery-1' class='gallery galleryid-74 gallery-columns-1 gallery-size-full'><dl class='gallery-item'>\n\t\t\t<dt class='gallery-icon landscape'>\n\t\t\t\t<img loading=\"lazy\" decoding=\"async\" width=\"628\" height=\"600\" src=\"https:\/\/apaydintanitim.com\/m\/wp-content\/uploads\/ijuteri-mucevherat-teshir-standi-1.jpg\" class=\"attachment-full size-full\" alt=\"\" aria-describedby=\"gallery-1-894\" srcset=\"https:\/\/apaydintanitim.com\/m\/wp-content\/uploads\/ijuteri-mucevherat-teshir-standi-1.jpg 628w, https:\/\/apaydintanitim.com\/m\/wp-content\/uploads\/ijuteri-mucevherat-teshir-standi-1-400x382.jpg 400w, https:\/\/apaydintanitim.com\/m\/wp-content\/uploads\/ijuteri-mucevherat-teshir-standi-1-150x143.jpg 150w\" sizes=\"auto, (max-width: 628px) 100vw, 628px\" \/>\n\t\t\t<\/dt>\n\t\t\t\t<dd class='wp-caption-text gallery-caption' id='gallery-1-894'>\n\t\t\t\tMa\u011faza Dekorasyonu Bijuteri, Tak\u0131, M\u00fccevherat Ma\u011faza Stand\u0131 MODEL NO: 2016 &#8211; 0001\n\t\t\t\t<\/dd><\/dl><br style=\"clear: both\" \/><dl class='gallery-item'>\n\t\t\t<dt class='gallery-icon landscape'>\n\t\t\t\t<img loading=\"lazy\" decoding=\"async\" width=\"800\" height=\"600\" src=\"https:\/\/apaydintanitim.com\/m\/wp-content\/uploads\/ijuteri-mucevherat-teshir-standi-2.jpg\" class=\"attachment-full size-full\" alt=\"\" aria-describedby=\"gallery-1-895\" srcset=\"https:\/\/apaydintanitim.com\/m\/wp-content\/uploads\/ijuteri-mucevherat-teshir-standi-2.jpg 800w, https:\/\/apaydintanitim.com\/m\/wp-content\/uploads\/ijuteri-mucevherat-teshir-standi-2-400x300.jpg 400w, https:\/\/apaydintanitim.com\/m\/wp-content\/uploads\/ijuteri-mucevherat-teshir-standi-2-150x113.jpg 150w, https:\/\/apaydintanitim.com\/m\/wp-content\/uploads\/ijuteri-mucevherat-teshir-standi-2-640x480.jpg 640w\" sizes=\"auto, (max-width: 800px) 100vw, 800px\" \/>\n\t\t\t<\/dt>\n\t\t\t\t<dd class='wp-caption-text gallery-caption' id='gallery-1-895'>\n\t\t\t\tMa\u011faza Dekorasyonu Bijuteri, Tak\u0131, M\u00fccevherat Ma\u011faza Stand\u0131 MODEL NO: 2016 &#8211; 0002\n\t\t\t\t<\/dd><\/dl><br style=\"clear: both\" \/><dl class='gallery-item'>\n\t\t\t<dt class='gallery-icon landscape'>\n\t\t\t\t<img loading=\"lazy\" decoding=\"async\" width=\"800\" height=\"600\" src=\"https:\/\/apaydintanitim.com\/m\/wp-content\/uploads\/ijuteri-mucevherat-teshir-standi-3.jpg\" class=\"attachment-full size-full\" alt=\"\" aria-describedby=\"gallery-1-896\" srcset=\"https:\/\/apaydintanitim.com\/m\/wp-content\/uploads\/ijuteri-mucevherat-teshir-standi-3.jpg 800w, https:\/\/apaydintanitim.com\/m\/wp-content\/uploads\/ijuteri-mucevherat-teshir-standi-3-400x300.jpg 400w, https:\/\/apaydintanitim.com\/m\/wp-content\/uploads\/ijuteri-mucevherat-teshir-standi-3-150x113.jpg 150w, https:\/\/apaydintanitim.com\/m\/wp-content\/uploads\/ijuteri-mucevherat-teshir-standi-3-640x480.jpg 640w\" sizes=\"auto, (max-width: 800px) 100vw, 800px\" \/>\n\t\t\t<\/dt>\n\t\t\t\t<dd class='wp-caption-text gallery-caption' id='gallery-1-896'>\n\t\t\t\tMa\u011faza Dekorasyonu Bijuteri, Tak\u0131, M\u00fccevherat Ma\u011faza Stand\u0131 MODEL NO: 2016 &#8211; 0003\n\t\t\t\t<\/dd><\/dl><br style=\"clear: both\" \/><dl class='gallery-item'>\n\t\t\t<dt class='gallery-icon landscape'>\n\t\t\t\t<img loading=\"lazy\" decoding=\"async\" width=\"800\" height=\"600\" src=\"https:\/\/apaydintanitim.com\/m\/wp-content\/uploads\/bijuteri-taki-standi-1.jpg\" class=\"attachment-full size-full\" alt=\"\" aria-describedby=\"gallery-1-892\" srcset=\"https:\/\/apaydintanitim.com\/m\/wp-content\/uploads\/bijuteri-taki-standi-1.jpg 800w, https:\/\/apaydintanitim.com\/m\/wp-content\/uploads\/bijuteri-taki-standi-1-400x300.jpg 400w, https:\/\/apaydintanitim.com\/m\/wp-content\/uploads\/bijuteri-taki-standi-1-150x113.jpg 150w, https:\/\/apaydintanitim.com\/m\/wp-content\/uploads\/bijuteri-taki-standi-1-640x480.jpg 640w\" sizes=\"auto, (max-width: 800px) 100vw, 800px\" \/>\n\t\t\t<\/dt>\n\t\t\t\t<dd class='wp-caption-text gallery-caption' id='gallery-1-892'>\n\t\t\t\tMa\u011faza Dekorasyonu Bijuteri, Tak\u0131, M\u00fccevherat Ma\u011faza Stand\u0131 Yeni Modeller MODEL NO: 0001\n\t\t\t\t<\/dd><\/dl><br style=\"clear: both\" \/><dl class='gallery-item'>\n\t\t\t<dt class='gallery-icon landscape'>\n\t\t\t\t<img loading=\"lazy\" decoding=\"async\" width=\"800\" height=\"600\" src=\"https:\/\/apaydintanitim.com\/m\/wp-content\/uploads\/bijuteri-taki-standi-2.jpg\" class=\"attachment-full size-full\" alt=\"\" aria-describedby=\"gallery-1-893\" srcset=\"https:\/\/apaydintanitim.com\/m\/wp-content\/uploads\/bijuteri-taki-standi-2.jpg 800w, https:\/\/apaydintanitim.com\/m\/wp-content\/uploads\/bijuteri-taki-standi-2-400x300.jpg 400w, https:\/\/apaydintanitim.com\/m\/wp-content\/uploads\/bijuteri-taki-standi-2-150x113.jpg 150w, https:\/\/apaydintanitim.com\/m\/wp-content\/uploads\/bijuteri-taki-standi-2-640x480.jpg 640w\" sizes=\"auto, (max-width: 800px) 100vw, 800px\" \/>\n\t\t\t<\/dt>\n\t\t\t\t<dd class='wp-caption-text gallery-caption' id='gallery-1-893'>\n\t\t\t\tMa\u011faza Dekorasyonu Bijuteri, Tak\u0131, M\u00fccevherat Ma\u011faza Stand\u0131 Yeni Modeller MODEL NO: 0002\n\t\t\t\t<\/dd><\/dl><br style=\"clear: both\" \/><dl class='gallery-item'>\n\t\t\t<dt class='gallery-icon landscape'>\n\t\t\t\t<img loading=\"lazy\" decoding=\"async\" width=\"800\" height=\"450\" src=\"https:\/\/apaydintanitim.com\/m\/wp-content\/uploads\/bijuteri-taki-mucevher-standi-1.jpg\" class=\"attachment-full size-full\" alt=\"\" aria-describedby=\"gallery-1-883\" srcset=\"https:\/\/apaydintanitim.com\/m\/wp-content\/uploads\/bijuteri-taki-mucevher-standi-1.jpg 800w, https:\/\/apaydintanitim.com\/m\/wp-content\/uploads\/bijuteri-taki-mucevher-standi-1-400x225.jpg 400w, https:\/\/apaydintanitim.com\/m\/wp-content\/uploads\/bijuteri-taki-mucevher-standi-1-150x84.jpg 150w, https:\/\/apaydintanitim.com\/m\/wp-content\/uploads\/bijuteri-taki-mucevher-standi-1-640x360.jpg 640w\" sizes=\"auto, (max-width: 800px) 100vw, 800px\" \/>\n\t\t\t<\/dt>\n\t\t\t\t<dd class='wp-caption-text gallery-caption' id='gallery-1-883'>\n\t\t\t\t Ma\u011faza Dekorasyonu Bijuteri, Tak\u0131, M\u00fccevherat Ma\u011faza Stand\u0131 MODEL NO: 0001\n\t\t\t\t<\/dd><\/dl><br style=\"clear: both\" \/><dl class='gallery-item'>\n\t\t\t<dt class='gallery-icon landscape'>\n\t\t\t\t<img loading=\"lazy\" decoding=\"async\" width=\"800\" height=\"450\" src=\"https:\/\/apaydintanitim.com\/m\/wp-content\/uploads\/bijuteri-taki-mucevher-standi-2.jpg\" class=\"attachment-full size-full\" alt=\"\" aria-describedby=\"gallery-1-884\" srcset=\"https:\/\/apaydintanitim.com\/m\/wp-content\/uploads\/bijuteri-taki-mucevher-standi-2.jpg 800w, https:\/\/apaydintanitim.com\/m\/wp-content\/uploads\/bijuteri-taki-mucevher-standi-2-400x225.jpg 400w, https:\/\/apaydintanitim.com\/m\/wp-content\/uploads\/bijuteri-taki-mucevher-standi-2-150x84.jpg 150w, https:\/\/apaydintanitim.com\/m\/wp-content\/uploads\/bijuteri-taki-mucevher-standi-2-640x360.jpg 640w\" sizes=\"auto, (max-width: 800px) 100vw, 800px\" \/>\n\t\t\t<\/dt>\n\t\t\t\t<dd class='wp-caption-text gallery-caption' id='gallery-1-884'>\n\t\t\t\t Ma\u011faza Dekorasyonu Bijuteri, Tak\u0131, M\u00fccevherat Ma\u011faza Stand\u0131 MODEL NO: 0002\n\t\t\t\t<\/dd><\/dl><br style=\"clear: both\" \/><dl class='gallery-item'>\n\t\t\t<dt class='gallery-icon landscape'>\n\t\t\t\t<img loading=\"lazy\" decoding=\"async\" width=\"800\" height=\"450\" src=\"https:\/\/apaydintanitim.com\/m\/wp-content\/uploads\/bijuteri-taki-mucevher-standi-3.jpg\" class=\"attachment-full size-full\" alt=\"\" aria-describedby=\"gallery-1-885\" srcset=\"https:\/\/apaydintanitim.com\/m\/wp-content\/uploads\/bijuteri-taki-mucevher-standi-3.jpg 800w, https:\/\/apaydintanitim.com\/m\/wp-content\/uploads\/bijuteri-taki-mucevher-standi-3-400x225.jpg 400w, https:\/\/apaydintanitim.com\/m\/wp-content\/uploads\/bijuteri-taki-mucevher-standi-3-150x84.jpg 150w, https:\/\/apaydintanitim.com\/m\/wp-content\/uploads\/bijuteri-taki-mucevher-standi-3-640x360.jpg 640w\" sizes=\"auto, (max-width: 800px) 100vw, 800px\" \/>\n\t\t\t<\/dt>\n\t\t\t\t<dd class='wp-caption-text gallery-caption' id='gallery-1-885'>\n\t\t\t\t Ma\u011faza Dekorasyonu Bijuteri, Tak\u0131, M\u00fccevherat Ma\u011faza Stand\u0131 MODEL NO: 0003\n\t\t\t\t<\/dd><\/dl><br style=\"clear: both\" \/><dl class='gallery-item'>\n\t\t\t<dt class='gallery-icon landscape'>\n\t\t\t\t<img loading=\"lazy\" decoding=\"async\" width=\"800\" height=\"450\" src=\"https:\/\/apaydintanitim.com\/m\/wp-content\/uploads\/bijuteri-taki-mucevher-standi-4.jpg\" class=\"attachment-full size-full\" alt=\"\" aria-describedby=\"gallery-1-886\" srcset=\"https:\/\/apaydintanitim.com\/m\/wp-content\/uploads\/bijuteri-taki-mucevher-standi-4.jpg 800w, https:\/\/apaydintanitim.com\/m\/wp-content\/uploads\/bijuteri-taki-mucevher-standi-4-400x225.jpg 400w, https:\/\/apaydintanitim.com\/m\/wp-content\/uploads\/bijuteri-taki-mucevher-standi-4-150x84.jpg 150w, https:\/\/apaydintanitim.com\/m\/wp-content\/uploads\/bijuteri-taki-mucevher-standi-4-640x360.jpg 640w\" sizes=\"auto, (max-width: 800px) 100vw, 800px\" \/>\n\t\t\t<\/dt>\n\t\t\t\t<dd class='wp-caption-text gallery-caption' id='gallery-1-886'>\n\t\t\t\t Ma\u011faza Dekorasyonu Bijuteri, Tak\u0131, M\u00fccevherat Ma\u011faza Stand\u0131 MODEL NO: 0004\n\t\t\t\t<\/dd><\/dl><br style=\"clear: both\" \/><dl class='gallery-item'>\n\t\t\t<dt class='gallery-icon landscape'>\n\t\t\t\t<img loading=\"lazy\" decoding=\"async\" width=\"800\" height=\"450\" src=\"https:\/\/apaydintanitim.com\/m\/wp-content\/uploads\/bijuteri-taki-mucevher-standi-5.jpg\" class=\"attachment-full size-full\" alt=\"\" aria-describedby=\"gallery-1-887\" srcset=\"https:\/\/apaydintanitim.com\/m\/wp-content\/uploads\/bijuteri-taki-mucevher-standi-5.jpg 800w, https:\/\/apaydintanitim.com\/m\/wp-content\/uploads\/bijuteri-taki-mucevher-standi-5-400x225.jpg 400w, https:\/\/apaydintanitim.com\/m\/wp-content\/uploads\/bijuteri-taki-mucevher-standi-5-150x84.jpg 150w, https:\/\/apaydintanitim.com\/m\/wp-content\/uploads\/bijuteri-taki-mucevher-standi-5-640x360.jpg 640w\" sizes=\"auto, (max-width: 800px) 100vw, 800px\" \/>\n\t\t\t<\/dt>\n\t\t\t\t<dd class='wp-caption-text gallery-caption' id='gallery-1-887'>\n\t\t\t\t Ma\u011faza Dekorasyonu Bijuteri, Tak\u0131, M\u00fccevherat Ma\u011faza Stand\u0131 MODEL NO: 0005\n\t\t\t\t<\/dd><\/dl><br style=\"clear: both\" \/><dl class='gallery-item'>\n\t\t\t<dt class='gallery-icon landscape'>\n\t\t\t\t<img loading=\"lazy\" decoding=\"async\" width=\"800\" height=\"450\" src=\"https:\/\/apaydintanitim.com\/m\/wp-content\/uploads\/bijuteri-taki-mucevher-standi-6.jpg\" class=\"attachment-full size-full\" alt=\"\" aria-describedby=\"gallery-1-888\" srcset=\"https:\/\/apaydintanitim.com\/m\/wp-content\/uploads\/bijuteri-taki-mucevher-standi-6.jpg 800w, https:\/\/apaydintanitim.com\/m\/wp-content\/uploads\/bijuteri-taki-mucevher-standi-6-400x225.jpg 400w, https:\/\/apaydintanitim.com\/m\/wp-content\/uploads\/bijuteri-taki-mucevher-standi-6-150x84.jpg 150w, https:\/\/apaydintanitim.com\/m\/wp-content\/uploads\/bijuteri-taki-mucevher-standi-6-640x360.jpg 640w\" sizes=\"auto, (max-width: 800px) 100vw, 800px\" \/>\n\t\t\t<\/dt>\n\t\t\t\t<dd class='wp-caption-text gallery-caption' id='gallery-1-888'>\n\t\t\t\t Ma\u011faza Dekorasyonu Bijuteri, Tak\u0131, M\u00fccevherat Ma\u011faza Stand\u0131 MODEL NO: 0006\n\t\t\t\t<\/dd><\/dl><br style=\"clear: both\" \/><dl class='gallery-item'>\n\t\t\t<dt class='gallery-icon landscape'>\n\t\t\t\t<img loading=\"lazy\" decoding=\"async\" width=\"800\" height=\"450\" src=\"https:\/\/apaydintanitim.com\/m\/wp-content\/uploads\/bijuteri-taki-mucevher-standi-7.jpg\" class=\"attachment-full size-full\" alt=\"\" aria-describedby=\"gallery-1-889\" srcset=\"https:\/\/apaydintanitim.com\/m\/wp-content\/uploads\/bijuteri-taki-mucevher-standi-7.jpg 800w, https:\/\/apaydintanitim.com\/m\/wp-content\/uploads\/bijuteri-taki-mucevher-standi-7-400x225.jpg 400w, https:\/\/apaydintanitim.com\/m\/wp-content\/uploads\/bijuteri-taki-mucevher-standi-7-150x84.jpg 150w, https:\/\/apaydintanitim.com\/m\/wp-content\/uploads\/bijuteri-taki-mucevher-standi-7-640x360.jpg 640w\" sizes=\"auto, (max-width: 800px) 100vw, 800px\" \/>\n\t\t\t<\/dt>\n\t\t\t\t<dd class='wp-caption-text gallery-caption' id='gallery-1-889'>\n\t\t\t\t Ma\u011faza Dekorasyonu Bijuteri, Tak\u0131, M\u00fccevherat Ma\u011faza Stand\u0131 MODEL NO: 0007\n\t\t\t\t<\/dd><\/dl><br style=\"clear: both\" \/><dl class='gallery-item'>\n\t\t\t<dt class='gallery-icon landscape'>\n\t\t\t\t<img loading=\"lazy\" decoding=\"async\" width=\"800\" height=\"450\" src=\"https:\/\/apaydintanitim.com\/m\/wp-content\/uploads\/bijuteri-taki-mucevher-standi-8.jpg\" class=\"attachment-full size-full\" alt=\"\" aria-describedby=\"gallery-1-890\" srcset=\"https:\/\/apaydintanitim.com\/m\/wp-content\/uploads\/bijuteri-taki-mucevher-standi-8.jpg 800w, https:\/\/apaydintanitim.com\/m\/wp-content\/uploads\/bijuteri-taki-mucevher-standi-8-400x225.jpg 400w, https:\/\/apaydintanitim.com\/m\/wp-content\/uploads\/bijuteri-taki-mucevher-standi-8-150x84.jpg 150w, https:\/\/apaydintanitim.com\/m\/wp-content\/uploads\/bijuteri-taki-mucevher-standi-8-640x360.jpg 640w\" sizes=\"auto, (max-width: 800px) 100vw, 800px\" \/>\n\t\t\t<\/dt>\n\t\t\t\t<dd class='wp-caption-text gallery-caption' id='gallery-1-890'>\n\t\t\t\t Ma\u011faza Dekorasyonu Bijuteri, Tak\u0131, M\u00fccevherat Ma\u011faza Stand\u0131 MODEL NO: 0008\n\t\t\t\t<\/dd><\/dl><br style=\"clear: both\" \/><dl class='gallery-item'>\n\t\t\t<dt class='gallery-icon landscape'>\n\t\t\t\t<img loading=\"lazy\" decoding=\"async\" width=\"800\" height=\"450\" src=\"https:\/\/apaydintanitim.com\/m\/wp-content\/uploads\/bijuteri-taki-mucevher-standi-9.jpg\" class=\"attachment-full size-full\" alt=\"\" aria-describedby=\"gallery-1-891\" srcset=\"https:\/\/apaydintanitim.com\/m\/wp-content\/uploads\/bijuteri-taki-mucevher-standi-9.jpg 800w, https:\/\/apaydintanitim.com\/m\/wp-content\/uploads\/bijuteri-taki-mucevher-standi-9-400x225.jpg 400w, https:\/\/apaydintanitim.com\/m\/wp-content\/uploads\/bijuteri-taki-mucevher-standi-9-150x84.jpg 150w, https:\/\/apaydintanitim.com\/m\/wp-content\/uploads\/bijuteri-taki-mucevher-standi-9-640x360.jpg 640w\" sizes=\"auto, (max-width: 800px) 100vw, 800px\" \/>\n\t\t\t<\/dt>\n\t\t\t\t<dd class='wp-caption-text gallery-caption' id='gallery-1-891'>\n\t\t\t\t Ma\u011faza Dekorasyonu Bijuteri, Tak\u0131, M\u00fccevherat Ma\u011faza Stand\u0131 MODEL NO: 0009\n\t\t\t\t<\/dd><\/dl><br style=\"clear: both\" \/>\n\t\t<\/div>\n\n","protected":false},"excerpt":{"rendered":"","protected":false},"author":1,"featured_media":0,"parent":0,"menu_order":0,"comment_status":"closed","ping_status":"closed","template":"templates\/fullwidth.php","meta":{"footnotes":""},"class_list":["post-74","page","type-page","status-publish","hentry","page-entry","loop-entry clr"],"_links":{"self":[{"href":"https:\/\/apaydintanitim.com\/m\/wp-json\/wp\/v2\/pages\/74","targetHints":{"allow":["GET"]}}],"collection":[{"href":"https:\/\/apaydintanitim.com\/m\/wp-json\/wp\/v2\/pages"}],"about":[{"href":"https:\/\/apaydintanitim.com\/m\/wp-json\/wp\/v2\/types\/page"}],"author":[{"embeddable":true,"href":"https:\/\/apaydintanitim.com\/m\/wp-json\/wp\/v2\/users\/1"}],"replies":[{"embeddable":true,"href":"https:\/\/apaydintanitim.com\/m\/wp-json\/wp\/v2\/comments?post=74"}],"version-history":[{"count":2,"href":"https:\/\/apaydintanitim.com\/m\/wp-json\/wp\/v2\/pages\/74\/revisions"}],"predecessor-version":[{"id":897,"href":"https:\/\/apaydintanitim.com\/m\/wp-json\/wp\/v2\/pages\/74\/revisions\/897"}],"wp:attachment":[{"href":"https:\/\/apaydintanitim.com\/m\/wp-json\/wp\/v2\/media?parent=74"}],"curies":[{"name":"wp","href":"https:\/\/api.w.org\/{rel}","templated":true}]}}