{"id":70,"date":"2015-12-16T13:14:59","date_gmt":"2015-12-16T11:14:59","guid":{"rendered":"http:\/\/apaydintanitim.com\/m\/?page_id=70"},"modified":"2016-01-07T08:34:41","modified_gmt":"2016-01-07T06:34:41","slug":"pleksi-urunler-display-brosurluk","status":"publish","type":"page","link":"https:\/\/apaydintanitim.com\/m\/pleksi-urunler-display-brosurluk\/","title":{"rendered":"Pleksi \u00fcr\u00fcnler (display-bro\u015f\u00fcrl\u00fck)"},"content":{"rendered":"\n\t\t<style type=\"text\/css\">\n\t\t\t#gallery-1 {\n\t\t\t\tmargin: auto;\n\t\t\t}\n\t\t\t#gallery-1 .gallery-item {\n\t\t\t\tfloat: left;\n\t\t\t\tmargin-top: 10px;\n\t\t\t\ttext-align: center;\n\t\t\t\twidth: 100%;\n\t\t\t}\n\t\t\t#gallery-1 img {\n\t\t\t\tborder: 2px solid #cfcfcf;\n\t\t\t}\n\t\t\t#gallery-1 .gallery-caption {\n\t\t\t\tmargin-left: 0;\n\t\t\t}\n\t\t\t\/* see gallery_shortcode() in wp-includes\/media.php *\/\n\t\t<\/style>\n\t\t<div id='gallery-1' class='gallery galleryid-70 gallery-columns-1 gallery-size-full'><dl class='gallery-item'>\n\t\t\t<dt class='gallery-icon landscape'>\n\t\t\t\t<img loading=\"lazy\" decoding=\"async\" width=\"800\" height=\"450\" src=\"https:\/\/apaydintanitim.com\/m\/wp-content\/uploads\/pleksi-reklam-urunleri-1.jpg\" class=\"attachment-full size-full\" alt=\"\" aria-describedby=\"gallery-1-856\" srcset=\"https:\/\/apaydintanitim.com\/m\/wp-content\/uploads\/pleksi-reklam-urunleri-1.jpg 800w, https:\/\/apaydintanitim.com\/m\/wp-content\/uploads\/pleksi-reklam-urunleri-1-400x225.jpg 400w, https:\/\/apaydintanitim.com\/m\/wp-content\/uploads\/pleksi-reklam-urunleri-1-150x84.jpg 150w, https:\/\/apaydintanitim.com\/m\/wp-content\/uploads\/pleksi-reklam-urunleri-1-640x360.jpg 640w\" sizes=\"auto, (max-width: 800px) 100vw, 800px\" \/>\n\t\t\t<\/dt>\n\t\t\t\t<dd class='wp-caption-text gallery-caption' id='gallery-1-856'>\n\t\t\t\tMa\u011faza Dekorasyonu Pleksi Reklam \u00dcr\u00fcnleriMODEL NO: 0001\n\t\t\t\t<\/dd><\/dl><br style=\"clear: both\" \/><dl class='gallery-item'>\n\t\t\t<dt class='gallery-icon landscape'>\n\t\t\t\t<img loading=\"lazy\" decoding=\"async\" width=\"800\" height=\"450\" src=\"https:\/\/apaydintanitim.com\/m\/wp-content\/uploads\/pleksi-reklam-urunleri-2.jpg\" class=\"attachment-full size-full\" alt=\"\" aria-describedby=\"gallery-1-857\" srcset=\"https:\/\/apaydintanitim.com\/m\/wp-content\/uploads\/pleksi-reklam-urunleri-2.jpg 800w, https:\/\/apaydintanitim.com\/m\/wp-content\/uploads\/pleksi-reklam-urunleri-2-400x225.jpg 400w, https:\/\/apaydintanitim.com\/m\/wp-content\/uploads\/pleksi-reklam-urunleri-2-150x84.jpg 150w, https:\/\/apaydintanitim.com\/m\/wp-content\/uploads\/pleksi-reklam-urunleri-2-640x360.jpg 640w\" sizes=\"auto, (max-width: 800px) 100vw, 800px\" \/>\n\t\t\t<\/dt>\n\t\t\t\t<dd class='wp-caption-text gallery-caption' id='gallery-1-857'>\n\t\t\t\tMa\u011faza Dekorasyonu Pleksi Reklam \u00dcr\u00fcnleriMODEL NO: 0002\n\t\t\t\t<\/dd><\/dl><br style=\"clear: both\" \/><dl class='gallery-item'>\n\t\t\t<dt class='gallery-icon landscape'>\n\t\t\t\t<img loading=\"lazy\" decoding=\"async\" width=\"800\" height=\"450\" src=\"https:\/\/apaydintanitim.com\/m\/wp-content\/uploads\/pleksi-reklam-urunleri-3.jpg\" class=\"attachment-full size-full\" alt=\"\" aria-describedby=\"gallery-1-858\" srcset=\"https:\/\/apaydintanitim.com\/m\/wp-content\/uploads\/pleksi-reklam-urunleri-3.jpg 800w, https:\/\/apaydintanitim.com\/m\/wp-content\/uploads\/pleksi-reklam-urunleri-3-400x225.jpg 400w, https:\/\/apaydintanitim.com\/m\/wp-content\/uploads\/pleksi-reklam-urunleri-3-150x84.jpg 150w, https:\/\/apaydintanitim.com\/m\/wp-content\/uploads\/pleksi-reklam-urunleri-3-640x360.jpg 640w\" sizes=\"auto, (max-width: 800px) 100vw, 800px\" \/>\n\t\t\t<\/dt>\n\t\t\t\t<dd class='wp-caption-text gallery-caption' id='gallery-1-858'>\n\t\t\t\tMa\u011faza Dekorasyonu Pleksi Reklam \u00dcr\u00fcnleriMODEL NO: 0003\n\t\t\t\t<\/dd><\/dl><br style=\"clear: both\" \/><dl class='gallery-item'>\n\t\t\t<dt class='gallery-icon landscape'>\n\t\t\t\t<img loading=\"lazy\" decoding=\"async\" width=\"800\" height=\"450\" src=\"https:\/\/apaydintanitim.com\/m\/wp-content\/uploads\/pleksi-reklam-urunleri-4.jpg\" class=\"attachment-full size-full\" alt=\"\" aria-describedby=\"gallery-1-859\" srcset=\"https:\/\/apaydintanitim.com\/m\/wp-content\/uploads\/pleksi-reklam-urunleri-4.jpg 800w, https:\/\/apaydintanitim.com\/m\/wp-content\/uploads\/pleksi-reklam-urunleri-4-400x225.jpg 400w, https:\/\/apaydintanitim.com\/m\/wp-content\/uploads\/pleksi-reklam-urunleri-4-150x84.jpg 150w, https:\/\/apaydintanitim.com\/m\/wp-content\/uploads\/pleksi-reklam-urunleri-4-640x360.jpg 640w\" sizes=\"auto, (max-width: 800px) 100vw, 800px\" \/>\n\t\t\t<\/dt>\n\t\t\t\t<dd class='wp-caption-text gallery-caption' id='gallery-1-859'>\n\t\t\t\tMa\u011faza Dekorasyonu Pleksi Reklam \u00dcr\u00fcnleriMODEL NO: 0004\n\t\t\t\t<\/dd><\/dl><br style=\"clear: both\" \/><dl class='gallery-item'>\n\t\t\t<dt class='gallery-icon landscape'>\n\t\t\t\t<img loading=\"lazy\" decoding=\"async\" width=\"800\" height=\"450\" src=\"https:\/\/apaydintanitim.com\/m\/wp-content\/uploads\/pleksi-reklam-urunleri-5.jpg\" class=\"attachment-full size-full\" alt=\"\" aria-describedby=\"gallery-1-860\" srcset=\"https:\/\/apaydintanitim.com\/m\/wp-content\/uploads\/pleksi-reklam-urunleri-5.jpg 800w, https:\/\/apaydintanitim.com\/m\/wp-content\/uploads\/pleksi-reklam-urunleri-5-400x225.jpg 400w, https:\/\/apaydintanitim.com\/m\/wp-content\/uploads\/pleksi-reklam-urunleri-5-150x84.jpg 150w, https:\/\/apaydintanitim.com\/m\/wp-content\/uploads\/pleksi-reklam-urunleri-5-640x360.jpg 640w\" sizes=\"auto, (max-width: 800px) 100vw, 800px\" \/>\n\t\t\t<\/dt>\n\t\t\t\t<dd class='wp-caption-text gallery-caption' id='gallery-1-860'>\n\t\t\t\tMa\u011faza Dekorasyonu Pleksi Reklam \u00dcr\u00fcnleriMODEL NO: 0005\n\t\t\t\t<\/dd><\/dl><br style=\"clear: both\" \/><dl class='gallery-item'>\n\t\t\t<dt class='gallery-icon landscape'>\n\t\t\t\t<img loading=\"lazy\" decoding=\"async\" width=\"800\" height=\"450\" src=\"https:\/\/apaydintanitim.com\/m\/wp-content\/uploads\/pleksi-reklam-urunleri-6.jpg\" class=\"attachment-full size-full\" alt=\"\" aria-describedby=\"gallery-1-861\" srcset=\"https:\/\/apaydintanitim.com\/m\/wp-content\/uploads\/pleksi-reklam-urunleri-6.jpg 800w, https:\/\/apaydintanitim.com\/m\/wp-content\/uploads\/pleksi-reklam-urunleri-6-400x225.jpg 400w, https:\/\/apaydintanitim.com\/m\/wp-content\/uploads\/pleksi-reklam-urunleri-6-150x84.jpg 150w, https:\/\/apaydintanitim.com\/m\/wp-content\/uploads\/pleksi-reklam-urunleri-6-640x360.jpg 640w\" sizes=\"auto, (max-width: 800px) 100vw, 800px\" \/>\n\t\t\t<\/dt>\n\t\t\t\t<dd class='wp-caption-text gallery-caption' id='gallery-1-861'>\n\t\t\t\tMa\u011faza Dekorasyonu Pleksi Reklam \u00dcr\u00fcnleriMODEL NO: 0006\n\t\t\t\t<\/dd><\/dl><br style=\"clear: both\" \/><dl class='gallery-item'>\n\t\t\t<dt class='gallery-icon landscape'>\n\t\t\t\t<img loading=\"lazy\" decoding=\"async\" width=\"800\" height=\"450\" src=\"https:\/\/apaydintanitim.com\/m\/wp-content\/uploads\/pleksi-reklam-urunleri-7.jpg\" class=\"attachment-full size-full\" alt=\"\" aria-describedby=\"gallery-1-862\" srcset=\"https:\/\/apaydintanitim.com\/m\/wp-content\/uploads\/pleksi-reklam-urunleri-7.jpg 800w, https:\/\/apaydintanitim.com\/m\/wp-content\/uploads\/pleksi-reklam-urunleri-7-400x225.jpg 400w, https:\/\/apaydintanitim.com\/m\/wp-content\/uploads\/pleksi-reklam-urunleri-7-150x84.jpg 150w, https:\/\/apaydintanitim.com\/m\/wp-content\/uploads\/pleksi-reklam-urunleri-7-640x360.jpg 640w\" sizes=\"auto, (max-width: 800px) 100vw, 800px\" \/>\n\t\t\t<\/dt>\n\t\t\t\t<dd class='wp-caption-text gallery-caption' id='gallery-1-862'>\n\t\t\t\tMa\u011faza Dekorasyonu Pleksi Reklam \u00dcr\u00fcnleriMODEL NO: 0007\n\t\t\t\t<\/dd><\/dl><br style=\"clear: both\" \/><dl class='gallery-item'>\n\t\t\t<dt class='gallery-icon landscape'>\n\t\t\t\t<img loading=\"lazy\" decoding=\"async\" width=\"800\" height=\"450\" src=\"https:\/\/apaydintanitim.com\/m\/wp-content\/uploads\/pleksi-reklam-urunleri-8.jpg\" class=\"attachment-full size-full\" alt=\"\" aria-describedby=\"gallery-1-863\" srcset=\"https:\/\/apaydintanitim.com\/m\/wp-content\/uploads\/pleksi-reklam-urunleri-8.jpg 800w, https:\/\/apaydintanitim.com\/m\/wp-content\/uploads\/pleksi-reklam-urunleri-8-400x225.jpg 400w, https:\/\/apaydintanitim.com\/m\/wp-content\/uploads\/pleksi-reklam-urunleri-8-150x84.jpg 150w, https:\/\/apaydintanitim.com\/m\/wp-content\/uploads\/pleksi-reklam-urunleri-8-640x360.jpg 640w\" sizes=\"auto, (max-width: 800px) 100vw, 800px\" \/>\n\t\t\t<\/dt>\n\t\t\t\t<dd class='wp-caption-text gallery-caption' id='gallery-1-863'>\n\t\t\t\tMa\u011faza Dekorasyonu Pleksi Reklam \u00dcr\u00fcnleriMODEL NO: 0008\n\t\t\t\t<\/dd><\/dl><br style=\"clear: both\" \/><dl class='gallery-item'>\n\t\t\t<dt class='gallery-icon landscape'>\n\t\t\t\t<img loading=\"lazy\" decoding=\"async\" width=\"800\" height=\"450\" src=\"https:\/\/apaydintanitim.com\/m\/wp-content\/uploads\/pleksi-reklam-urunleri-9.jpg\" class=\"attachment-full size-full\" alt=\"\" aria-describedby=\"gallery-1-864\" srcset=\"https:\/\/apaydintanitim.com\/m\/wp-content\/uploads\/pleksi-reklam-urunleri-9.jpg 800w, https:\/\/apaydintanitim.com\/m\/wp-content\/uploads\/pleksi-reklam-urunleri-9-400x225.jpg 400w, https:\/\/apaydintanitim.com\/m\/wp-content\/uploads\/pleksi-reklam-urunleri-9-150x84.jpg 150w, https:\/\/apaydintanitim.com\/m\/wp-content\/uploads\/pleksi-reklam-urunleri-9-640x360.jpg 640w\" sizes=\"auto, (max-width: 800px) 100vw, 800px\" \/>\n\t\t\t<\/dt>\n\t\t\t\t<dd class='wp-caption-text gallery-caption' id='gallery-1-864'>\n\t\t\t\tMa\u011faza Dekorasyonu Pleksi Reklam \u00dcr\u00fcnleriMODEL NO: 0009\n\t\t\t\t<\/dd><\/dl><br style=\"clear: both\" \/><dl class='gallery-item'>\n\t\t\t<dt class='gallery-icon landscape'>\n\t\t\t\t<img loading=\"lazy\" decoding=\"async\" width=\"800\" height=\"450\" src=\"https:\/\/apaydintanitim.com\/m\/wp-content\/uploads\/pleksi-reklam-urunleri-10.jpg\" class=\"attachment-full size-full\" alt=\"\" aria-describedby=\"gallery-1-865\" srcset=\"https:\/\/apaydintanitim.com\/m\/wp-content\/uploads\/pleksi-reklam-urunleri-10.jpg 800w, https:\/\/apaydintanitim.com\/m\/wp-content\/uploads\/pleksi-reklam-urunleri-10-400x225.jpg 400w, https:\/\/apaydintanitim.com\/m\/wp-content\/uploads\/pleksi-reklam-urunleri-10-150x84.jpg 150w, https:\/\/apaydintanitim.com\/m\/wp-content\/uploads\/pleksi-reklam-urunleri-10-640x360.jpg 640w\" sizes=\"auto, (max-width: 800px) 100vw, 800px\" \/>\n\t\t\t<\/dt>\n\t\t\t\t<dd class='wp-caption-text gallery-caption' id='gallery-1-865'>\n\t\t\t\tMa\u011faza Dekorasyonu Pleksi Reklam \u00dcr\u00fcnleriMODEL NO: 00010\n\t\t\t\t<\/dd><\/dl><br style=\"clear: both\" \/><dl class='gallery-item'>\n\t\t\t<dt class='gallery-icon landscape'>\n\t\t\t\t<img loading=\"lazy\" decoding=\"async\" width=\"800\" height=\"450\" src=\"https:\/\/apaydintanitim.com\/m\/wp-content\/uploads\/pleksi-reklam-urunleri-11.jpg\" class=\"attachment-full size-full\" alt=\"\" aria-describedby=\"gallery-1-866\" srcset=\"https:\/\/apaydintanitim.com\/m\/wp-content\/uploads\/pleksi-reklam-urunleri-11.jpg 800w, https:\/\/apaydintanitim.com\/m\/wp-content\/uploads\/pleksi-reklam-urunleri-11-400x225.jpg 400w, https:\/\/apaydintanitim.com\/m\/wp-content\/uploads\/pleksi-reklam-urunleri-11-150x84.jpg 150w, https:\/\/apaydintanitim.com\/m\/wp-content\/uploads\/pleksi-reklam-urunleri-11-640x360.jpg 640w\" sizes=\"auto, (max-width: 800px) 100vw, 800px\" \/>\n\t\t\t<\/dt>\n\t\t\t\t<dd class='wp-caption-text gallery-caption' id='gallery-1-866'>\n\t\t\t\tMa\u011faza Dekorasyonu Pleksi Reklam \u00dcr\u00fcnleriMODEL NO: 0011\n\t\t\t\t<\/dd><\/dl><br style=\"clear: both\" \/><dl class='gallery-item'>\n\t\t\t<dt class='gallery-icon landscape'>\n\t\t\t\t<img loading=\"lazy\" decoding=\"async\" width=\"800\" height=\"264\" src=\"https:\/\/apaydintanitim.com\/m\/wp-content\/uploads\/pleksi-reklam-urunleri-12.jpg\" class=\"attachment-full size-full\" alt=\"\" aria-describedby=\"gallery-1-867\" srcset=\"https:\/\/apaydintanitim.com\/m\/wp-content\/uploads\/pleksi-reklam-urunleri-12.jpg 800w, https:\/\/apaydintanitim.com\/m\/wp-content\/uploads\/pleksi-reklam-urunleri-12-400x132.jpg 400w, https:\/\/apaydintanitim.com\/m\/wp-content\/uploads\/pleksi-reklam-urunleri-12-150x50.jpg 150w, https:\/\/apaydintanitim.com\/m\/wp-content\/uploads\/pleksi-reklam-urunleri-12-640x211.jpg 640w\" sizes=\"auto, (max-width: 800px) 100vw, 800px\" \/>\n\t\t\t<\/dt>\n\t\t\t\t<dd class='wp-caption-text gallery-caption' id='gallery-1-867'>\n\t\t\t\tMa\u011faza Dekorasyonu Pleksi Reklam \u00dcr\u00fcnleriMODEL NO: 0012\n\t\t\t\t<\/dd><\/dl><br style=\"clear: both\" \/><dl class='gallery-item'>\n\t\t\t<dt class='gallery-icon landscape'>\n\t\t\t\t<img loading=\"lazy\" decoding=\"async\" width=\"800\" height=\"164\" src=\"https:\/\/apaydintanitim.com\/m\/wp-content\/uploads\/pleksi-reklam-urunleri-13.jpg\" class=\"attachment-full size-full\" alt=\"\" aria-describedby=\"gallery-1-868\" srcset=\"https:\/\/apaydintanitim.com\/m\/wp-content\/uploads\/pleksi-reklam-urunleri-13.jpg 800w, https:\/\/apaydintanitim.com\/m\/wp-content\/uploads\/pleksi-reklam-urunleri-13-400x82.jpg 400w, https:\/\/apaydintanitim.com\/m\/wp-content\/uploads\/pleksi-reklam-urunleri-13-150x31.jpg 150w, https:\/\/apaydintanitim.com\/m\/wp-content\/uploads\/pleksi-reklam-urunleri-13-640x131.jpg 640w\" sizes=\"auto, (max-width: 800px) 100vw, 800px\" \/>\n\t\t\t<\/dt>\n\t\t\t\t<dd class='wp-caption-text gallery-caption' id='gallery-1-868'>\n\t\t\t\tMa\u011faza Dekorasyonu Pleksi Reklam \u00dcr\u00fcnleriMODEL NO: 0013\n\t\t\t\t<\/dd><\/dl><br style=\"clear: both\" \/>\n\t\t<\/div>\n\n","protected":false},"excerpt":{"rendered":"","protected":false},"author":1,"featured_media":0,"parent":0,"menu_order":0,"comment_status":"closed","ping_status":"closed","template":"templates\/fullwidth.php","meta":{"footnotes":""},"class_list":["post-70","page","type-page","status-publish","hentry","page-entry","loop-entry clr"],"_links":{"self":[{"href":"https:\/\/apaydintanitim.com\/m\/wp-json\/wp\/v2\/pages\/70","targetHints":{"allow":["GET"]}}],"collection":[{"href":"https:\/\/apaydintanitim.com\/m\/wp-json\/wp\/v2\/pages"}],"about":[{"href":"https:\/\/apaydintanitim.com\/m\/wp-json\/wp\/v2\/types\/page"}],"author":[{"embeddable":true,"href":"https:\/\/apaydintanitim.com\/m\/wp-json\/wp\/v2\/users\/1"}],"replies":[{"embeddable":true,"href":"https:\/\/apaydintanitim.com\/m\/wp-json\/wp\/v2\/comments?post=70"}],"version-history":[{"count":2,"href":"https:\/\/apaydintanitim.com\/m\/wp-json\/wp\/v2\/pages\/70\/revisions"}],"predecessor-version":[{"id":869,"href":"https:\/\/apaydintanitim.com\/m\/wp-json\/wp\/v2\/pages\/70\/revisions\/869"}],"wp:attachment":[{"href":"https:\/\/apaydintanitim.com\/m\/wp-json\/wp\/v2\/media?parent=70"}],"curies":[{"name":"wp","href":"https:\/\/api.w.org\/{rel}","templated":true}]}}