{"id":62,"date":"2015-12-16T13:13:19","date_gmt":"2015-12-16T11:13:19","guid":{"rendered":"http:\/\/apaydintanitim.com\/m\/?page_id=62"},"modified":"2016-01-06T09:52:29","modified_gmt":"2016-01-06T07:52:29","slug":"lens-dolaplari-ve-standlari","status":"publish","type":"page","link":"https:\/\/apaydintanitim.com\/m\/lens-dolaplari-ve-standlari\/","title":{"rendered":"Lens dolaplar\u0131 ve standlar\u0131"},"content":{"rendered":"\n\t\t<style type=\"text\/css\">\n\t\t\t#gallery-1 {\n\t\t\t\tmargin: auto;\n\t\t\t}\n\t\t\t#gallery-1 .gallery-item {\n\t\t\t\tfloat: left;\n\t\t\t\tmargin-top: 10px;\n\t\t\t\ttext-align: center;\n\t\t\t\twidth: 100%;\n\t\t\t}\n\t\t\t#gallery-1 img {\n\t\t\t\tborder: 2px solid #cfcfcf;\n\t\t\t}\n\t\t\t#gallery-1 .gallery-caption {\n\t\t\t\tmargin-left: 0;\n\t\t\t}\n\t\t\t\/* see gallery_shortcode() in wp-includes\/media.php *\/\n\t\t<\/style>\n\t\t<div id='gallery-1' class='gallery galleryid-62 gallery-columns-1 gallery-size-full'><dl class='gallery-item'>\n\t\t\t<dt class='gallery-icon landscape'>\n\t\t\t\t<img loading=\"lazy\" decoding=\"async\" width=\"800\" height=\"600\" src=\"https:\/\/apaydintanitim.com\/m\/wp-content\/uploads\/lens-dolaplari-1.jpg\" class=\"attachment-full size-full\" alt=\"\" aria-describedby=\"gallery-1-746\" srcset=\"https:\/\/apaydintanitim.com\/m\/wp-content\/uploads\/lens-dolaplari-1.jpg 800w, https:\/\/apaydintanitim.com\/m\/wp-content\/uploads\/lens-dolaplari-1-400x300.jpg 400w, https:\/\/apaydintanitim.com\/m\/wp-content\/uploads\/lens-dolaplari-1-150x113.jpg 150w, https:\/\/apaydintanitim.com\/m\/wp-content\/uploads\/lens-dolaplari-1-640x480.jpg 640w\" sizes=\"auto, (max-width: 800px) 100vw, 800px\" \/>\n\t\t\t<\/dt>\n\t\t\t\t<dd class='wp-caption-text gallery-caption' id='gallery-1-746'>\n\t\t\t\tOptik Ma\u011faza Lens Dolab\u0131 Lens Dolab\u0131 Yeni Modeller | MODEL NO: 0001\n\t\t\t\t<\/dd><\/dl><br style=\"clear: both\" \/><dl class='gallery-item'>\n\t\t\t<dt class='gallery-icon landscape'>\n\t\t\t\t<img loading=\"lazy\" decoding=\"async\" width=\"800\" height=\"600\" src=\"https:\/\/apaydintanitim.com\/m\/wp-content\/uploads\/lens-dolaplari-2.jpg\" class=\"attachment-full size-full\" alt=\"\" aria-describedby=\"gallery-1-747\" srcset=\"https:\/\/apaydintanitim.com\/m\/wp-content\/uploads\/lens-dolaplari-2.jpg 800w, https:\/\/apaydintanitim.com\/m\/wp-content\/uploads\/lens-dolaplari-2-400x300.jpg 400w, https:\/\/apaydintanitim.com\/m\/wp-content\/uploads\/lens-dolaplari-2-150x113.jpg 150w, https:\/\/apaydintanitim.com\/m\/wp-content\/uploads\/lens-dolaplari-2-640x480.jpg 640w\" sizes=\"auto, (max-width: 800px) 100vw, 800px\" \/>\n\t\t\t<\/dt>\n\t\t\t\t<dd class='wp-caption-text gallery-caption' id='gallery-1-747'>\n\t\t\t\tOptik Ma\u011faza Lens Dolab\u0131 Lens Dolab\u0131 Yeni Modeller | MODEL NO: 0002\n\t\t\t\t<\/dd><\/dl><br style=\"clear: both\" \/><dl class='gallery-item'>\n\t\t\t<dt class='gallery-icon landscape'>\n\t\t\t\t<img loading=\"lazy\" decoding=\"async\" width=\"800\" height=\"600\" src=\"https:\/\/apaydintanitim.com\/m\/wp-content\/uploads\/lens-dolaplari-3.jpg\" class=\"attachment-full size-full\" alt=\"\" aria-describedby=\"gallery-1-748\" srcset=\"https:\/\/apaydintanitim.com\/m\/wp-content\/uploads\/lens-dolaplari-3.jpg 800w, https:\/\/apaydintanitim.com\/m\/wp-content\/uploads\/lens-dolaplari-3-400x300.jpg 400w, https:\/\/apaydintanitim.com\/m\/wp-content\/uploads\/lens-dolaplari-3-150x113.jpg 150w, https:\/\/apaydintanitim.com\/m\/wp-content\/uploads\/lens-dolaplari-3-640x480.jpg 640w\" sizes=\"auto, (max-width: 800px) 100vw, 800px\" \/>\n\t\t\t<\/dt>\n\t\t\t\t<dd class='wp-caption-text gallery-caption' id='gallery-1-748'>\n\t\t\t\tOptik Ma\u011faza Lens Dolab\u0131 Lens Dolab\u0131 Yeni Modeller | MODEL NO: 0003\n\t\t\t\t<\/dd><\/dl><br style=\"clear: both\" \/><dl class='gallery-item'>\n\t\t\t<dt class='gallery-icon landscape'>\n\t\t\t\t<img loading=\"lazy\" decoding=\"async\" width=\"800\" height=\"600\" src=\"https:\/\/apaydintanitim.com\/m\/wp-content\/uploads\/lens-dolaplari-4.jpg\" class=\"attachment-full size-full\" alt=\"\" aria-describedby=\"gallery-1-749\" srcset=\"https:\/\/apaydintanitim.com\/m\/wp-content\/uploads\/lens-dolaplari-4.jpg 800w, https:\/\/apaydintanitim.com\/m\/wp-content\/uploads\/lens-dolaplari-4-400x300.jpg 400w, https:\/\/apaydintanitim.com\/m\/wp-content\/uploads\/lens-dolaplari-4-150x113.jpg 150w, https:\/\/apaydintanitim.com\/m\/wp-content\/uploads\/lens-dolaplari-4-640x480.jpg 640w\" sizes=\"auto, (max-width: 800px) 100vw, 800px\" \/>\n\t\t\t<\/dt>\n\t\t\t\t<dd class='wp-caption-text gallery-caption' id='gallery-1-749'>\n\t\t\t\tOptik Ma\u011faza Lens Dolab\u0131 Lens Dolab\u0131 Yeni Modeller | MODEL NO: 0004\n\t\t\t\t<\/dd><\/dl><br style=\"clear: both\" \/>\n\t\t<\/div>\n\n\n\t\t<style type=\"text\/css\">\n\t\t\t#gallery-2 {\n\t\t\t\tmargin: auto;\n\t\t\t}\n\t\t\t#gallery-2 .gallery-item {\n\t\t\t\tfloat: left;\n\t\t\t\tmargin-top: 10px;\n\t\t\t\ttext-align: center;\n\t\t\t\twidth: 100%;\n\t\t\t}\n\t\t\t#gallery-2 img {\n\t\t\t\tborder: 2px solid #cfcfcf;\n\t\t\t}\n\t\t\t#gallery-2 .gallery-caption {\n\t\t\t\tmargin-left: 0;\n\t\t\t}\n\t\t\t\/* see gallery_shortcode() in wp-includes\/media.php *\/\n\t\t<\/style>\n\t\t<div id='gallery-2' class='gallery galleryid-62 gallery-columns-1 gallery-size-full'><dl class='gallery-item'>\n\t\t\t<dt class='gallery-icon landscape'>\n\t\t\t\t<img loading=\"lazy\" decoding=\"async\" width=\"800\" height=\"600\" src=\"https:\/\/apaydintanitim.com\/m\/wp-content\/uploads\/lens-dolabi-standi-1.jpg\" class=\"attachment-full size-full\" alt=\"\" aria-describedby=\"gallery-2-750\" srcset=\"https:\/\/apaydintanitim.com\/m\/wp-content\/uploads\/lens-dolabi-standi-1.jpg 800w, https:\/\/apaydintanitim.com\/m\/wp-content\/uploads\/lens-dolabi-standi-1-400x300.jpg 400w, https:\/\/apaydintanitim.com\/m\/wp-content\/uploads\/lens-dolabi-standi-1-150x113.jpg 150w, https:\/\/apaydintanitim.com\/m\/wp-content\/uploads\/lens-dolabi-standi-1-640x480.jpg 640w\" sizes=\"auto, (max-width: 800px) 100vw, 800px\" \/>\n\t\t\t<\/dt>\n\t\t\t\t<dd class='wp-caption-text gallery-caption' id='gallery-2-750'>\n\t\t\t\tOptik Ma\u011faza Lens Dolaplar\u0131 MODEL NO: 0001\n\t\t\t\t<\/dd><\/dl><br style=\"clear: both\" \/><dl class='gallery-item'>\n\t\t\t<dt class='gallery-icon portrait'>\n\t\t\t\t<img loading=\"lazy\" decoding=\"async\" width=\"600\" height=\"800\" src=\"https:\/\/apaydintanitim.com\/m\/wp-content\/uploads\/lens-dolabi-standi-2.jpg\" class=\"attachment-full size-full\" alt=\"\" aria-describedby=\"gallery-2-751\" srcset=\"https:\/\/apaydintanitim.com\/m\/wp-content\/uploads\/lens-dolabi-standi-2.jpg 600w, https:\/\/apaydintanitim.com\/m\/wp-content\/uploads\/lens-dolabi-standi-2-300x400.jpg 300w, https:\/\/apaydintanitim.com\/m\/wp-content\/uploads\/lens-dolabi-standi-2-113x150.jpg 113w\" sizes=\"auto, (max-width: 600px) 100vw, 600px\" \/>\n\t\t\t<\/dt>\n\t\t\t\t<dd class='wp-caption-text gallery-caption' id='gallery-2-751'>\n\t\t\t\tOptik Ma\u011faza Lens Dolaplar\u0131 MODEL NO: 0002\n\t\t\t\t<\/dd><\/dl><br style=\"clear: both\" \/><dl class='gallery-item'>\n\t\t\t<dt class='gallery-icon portrait'>\n\t\t\t\t<img loading=\"lazy\" decoding=\"async\" width=\"600\" height=\"800\" src=\"https:\/\/apaydintanitim.com\/m\/wp-content\/uploads\/lens-dolabi-standi-3.jpg\" class=\"attachment-full size-full\" alt=\"\" aria-describedby=\"gallery-2-752\" srcset=\"https:\/\/apaydintanitim.com\/m\/wp-content\/uploads\/lens-dolabi-standi-3.jpg 600w, https:\/\/apaydintanitim.com\/m\/wp-content\/uploads\/lens-dolabi-standi-3-300x400.jpg 300w, https:\/\/apaydintanitim.com\/m\/wp-content\/uploads\/lens-dolabi-standi-3-113x150.jpg 113w\" sizes=\"auto, (max-width: 600px) 100vw, 600px\" \/>\n\t\t\t<\/dt>\n\t\t\t\t<dd class='wp-caption-text gallery-caption' id='gallery-2-752'>\n\t\t\t\tOptik Ma\u011faza Lens Dolaplar\u0131 MODEL NO: 0003\n\t\t\t\t<\/dd><\/dl><br style=\"clear: both\" \/><dl class='gallery-item'>\n\t\t\t<dt class='gallery-icon landscape'>\n\t\t\t\t<img loading=\"lazy\" decoding=\"async\" width=\"800\" height=\"600\" src=\"https:\/\/apaydintanitim.com\/m\/wp-content\/uploads\/lens-dolabi-standi-4.jpg\" class=\"attachment-full size-full\" alt=\"\" aria-describedby=\"gallery-2-753\" srcset=\"https:\/\/apaydintanitim.com\/m\/wp-content\/uploads\/lens-dolabi-standi-4.jpg 800w, https:\/\/apaydintanitim.com\/m\/wp-content\/uploads\/lens-dolabi-standi-4-400x300.jpg 400w, https:\/\/apaydintanitim.com\/m\/wp-content\/uploads\/lens-dolabi-standi-4-150x113.jpg 150w, https:\/\/apaydintanitim.com\/m\/wp-content\/uploads\/lens-dolabi-standi-4-640x480.jpg 640w\" sizes=\"auto, (max-width: 800px) 100vw, 800px\" \/>\n\t\t\t<\/dt>\n\t\t\t\t<dd class='wp-caption-text gallery-caption' id='gallery-2-753'>\n\t\t\t\tOptik Ma\u011faza Lens Dolaplar\u0131 MODEL NO: 0004\n\t\t\t\t<\/dd><\/dl><br style=\"clear: both\" \/><dl class='gallery-item'>\n\t\t\t<dt class='gallery-icon landscape'>\n\t\t\t\t<img loading=\"lazy\" decoding=\"async\" width=\"800\" height=\"600\" src=\"https:\/\/apaydintanitim.com\/m\/wp-content\/uploads\/lens-dolabi-standi-5.jpg\" class=\"attachment-full size-full\" alt=\"\" aria-describedby=\"gallery-2-754\" srcset=\"https:\/\/apaydintanitim.com\/m\/wp-content\/uploads\/lens-dolabi-standi-5.jpg 800w, https:\/\/apaydintanitim.com\/m\/wp-content\/uploads\/lens-dolabi-standi-5-400x300.jpg 400w, https:\/\/apaydintanitim.com\/m\/wp-content\/uploads\/lens-dolabi-standi-5-150x113.jpg 150w, https:\/\/apaydintanitim.com\/m\/wp-content\/uploads\/lens-dolabi-standi-5-640x480.jpg 640w\" sizes=\"auto, (max-width: 800px) 100vw, 800px\" \/>\n\t\t\t<\/dt>\n\t\t\t\t<dd class='wp-caption-text gallery-caption' id='gallery-2-754'>\n\t\t\t\tOptik Ma\u011faza Lens Dolaplar\u0131 MODEL NO: 0005\n\t\t\t\t<\/dd><\/dl><br style=\"clear: both\" \/><dl class='gallery-item'>\n\t\t\t<dt class='gallery-icon landscape'>\n\t\t\t\t<img loading=\"lazy\" decoding=\"async\" width=\"800\" height=\"600\" src=\"https:\/\/apaydintanitim.com\/m\/wp-content\/uploads\/lens-dolabi-standi-6.jpg\" class=\"attachment-full size-full\" alt=\"\" aria-describedby=\"gallery-2-755\" srcset=\"https:\/\/apaydintanitim.com\/m\/wp-content\/uploads\/lens-dolabi-standi-6.jpg 800w, https:\/\/apaydintanitim.com\/m\/wp-content\/uploads\/lens-dolabi-standi-6-400x300.jpg 400w, https:\/\/apaydintanitim.com\/m\/wp-content\/uploads\/lens-dolabi-standi-6-150x113.jpg 150w, https:\/\/apaydintanitim.com\/m\/wp-content\/uploads\/lens-dolabi-standi-6-640x480.jpg 640w\" sizes=\"auto, (max-width: 800px) 100vw, 800px\" \/>\n\t\t\t<\/dt>\n\t\t\t\t<dd class='wp-caption-text gallery-caption' id='gallery-2-755'>\n\t\t\t\tOptik Ma\u011faza Lens Dolaplar\u0131 MODEL NO: 0006\n\t\t\t\t<\/dd><\/dl><br style=\"clear: both\" \/>\n\t\t<\/div>\n\n","protected":false},"excerpt":{"rendered":"","protected":false},"author":1,"featured_media":0,"parent":0,"menu_order":0,"comment_status":"closed","ping_status":"closed","template":"templates\/fullwidth.php","meta":{"footnotes":""},"class_list":["post-62","page","type-page","status-publish","hentry","page-entry","loop-entry clr"],"_links":{"self":[{"href":"https:\/\/apaydintanitim.com\/m\/wp-json\/wp\/v2\/pages\/62","targetHints":{"allow":["GET"]}}],"collection":[{"href":"https:\/\/apaydintanitim.com\/m\/wp-json\/wp\/v2\/pages"}],"about":[{"href":"https:\/\/apaydintanitim.com\/m\/wp-json\/wp\/v2\/types\/page"}],"author":[{"embeddable":true,"href":"https:\/\/apaydintanitim.com\/m\/wp-json\/wp\/v2\/users\/1"}],"replies":[{"embeddable":true,"href":"https:\/\/apaydintanitim.com\/m\/wp-json\/wp\/v2\/comments?post=62"}],"version-history":[{"count":3,"href":"https:\/\/apaydintanitim.com\/m\/wp-json\/wp\/v2\/pages\/62\/revisions"}],"predecessor-version":[{"id":757,"href":"https:\/\/apaydintanitim.com\/m\/wp-json\/wp\/v2\/pages\/62\/revisions\/757"}],"wp:attachment":[{"href":"https:\/\/apaydintanitim.com\/m\/wp-json\/wp\/v2\/media?parent=62"}],"curies":[{"name":"wp","href":"https:\/\/api.w.org\/{rel}","templated":true}]}}