{"id":56,"date":"2015-12-16T13:12:20","date_gmt":"2015-12-16T11:12:20","guid":{"rendered":"http:\/\/apaydintanitim.com\/m\/?page_id=56"},"modified":"2016-01-05T14:50:36","modified_gmt":"2016-01-05T12:50:36","slug":"gozluk-kutulari-ve-dolaplari","status":"publish","type":"page","link":"https:\/\/apaydintanitim.com\/m\/gozluk-kutulari-ve-dolaplari\/","title":{"rendered":"G\u00f6zl\u00fck kutular\u0131 ve dolaplar\u0131"},"content":{"rendered":"\n\t\t<style type=\"text\/css\">\n\t\t\t#gallery-1 {\n\t\t\t\tmargin: auto;\n\t\t\t}\n\t\t\t#gallery-1 .gallery-item {\n\t\t\t\tfloat: left;\n\t\t\t\tmargin-top: 10px;\n\t\t\t\ttext-align: center;\n\t\t\t\twidth: 100%;\n\t\t\t}\n\t\t\t#gallery-1 img {\n\t\t\t\tborder: 2px solid #cfcfcf;\n\t\t\t}\n\t\t\t#gallery-1 .gallery-caption {\n\t\t\t\tmargin-left: 0;\n\t\t\t}\n\t\t\t\/* see gallery_shortcode() in wp-includes\/media.php *\/\n\t\t<\/style>\n\t\t<div id='gallery-1' class='gallery galleryid-56 gallery-columns-1 gallery-size-full'><dl class='gallery-item'>\n\t\t\t<dt class='gallery-icon portrait'>\n\t\t\t\t<img loading=\"lazy\" decoding=\"async\" width=\"600\" height=\"800\" src=\"https:\/\/apaydintanitim.com\/m\/wp-content\/uploads\/optik-magaza-mobilyalari-1.jpg\" class=\"attachment-full size-full\" alt=\"\" aria-describedby=\"gallery-1-548\" srcset=\"https:\/\/apaydintanitim.com\/m\/wp-content\/uploads\/optik-magaza-mobilyalari-1.jpg 600w, https:\/\/apaydintanitim.com\/m\/wp-content\/uploads\/optik-magaza-mobilyalari-1-300x400.jpg 300w, https:\/\/apaydintanitim.com\/m\/wp-content\/uploads\/optik-magaza-mobilyalari-1-113x150.jpg 113w\" sizes=\"auto, (max-width: 600px) 100vw, 600px\" \/>\n\t\t\t<\/dt>\n\t\t\t\t<dd class='wp-caption-text gallery-caption' id='gallery-1-548'>\n\t\t\t\tOptik Ma\u011faza G\u00f6zl\u00fck Kutu ve Dolaplar\u0131 MODEL NO: 0001\n\t\t\t\t<\/dd><\/dl><br style=\"clear: both\" \/><dl class='gallery-item'>\n\t\t\t<dt class='gallery-icon portrait'>\n\t\t\t\t<img loading=\"lazy\" decoding=\"async\" width=\"600\" height=\"800\" src=\"https:\/\/apaydintanitim.com\/m\/wp-content\/uploads\/optik-magaza-mobilyalari-2.jpg\" class=\"attachment-full size-full\" alt=\"\" aria-describedby=\"gallery-1-549\" srcset=\"https:\/\/apaydintanitim.com\/m\/wp-content\/uploads\/optik-magaza-mobilyalari-2.jpg 600w, https:\/\/apaydintanitim.com\/m\/wp-content\/uploads\/optik-magaza-mobilyalari-2-300x400.jpg 300w, https:\/\/apaydintanitim.com\/m\/wp-content\/uploads\/optik-magaza-mobilyalari-2-113x150.jpg 113w\" sizes=\"auto, (max-width: 600px) 100vw, 600px\" \/>\n\t\t\t<\/dt>\n\t\t\t\t<dd class='wp-caption-text gallery-caption' id='gallery-1-549'>\n\t\t\t\tOptik Ma\u011faza G\u00f6zl\u00fck Kutu ve Dolaplar\u0131 MODEL NO: 0002\n\t\t\t\t<\/dd><\/dl><br style=\"clear: both\" \/><dl class='gallery-item'>\n\t\t\t<dt class='gallery-icon portrait'>\n\t\t\t\t<img loading=\"lazy\" decoding=\"async\" width=\"600\" height=\"800\" src=\"https:\/\/apaydintanitim.com\/m\/wp-content\/uploads\/optik-magaza-mobilyalari-3.jpg\" class=\"attachment-full size-full\" alt=\"\" aria-describedby=\"gallery-1-550\" srcset=\"https:\/\/apaydintanitim.com\/m\/wp-content\/uploads\/optik-magaza-mobilyalari-3.jpg 600w, https:\/\/apaydintanitim.com\/m\/wp-content\/uploads\/optik-magaza-mobilyalari-3-300x400.jpg 300w, https:\/\/apaydintanitim.com\/m\/wp-content\/uploads\/optik-magaza-mobilyalari-3-113x150.jpg 113w\" sizes=\"auto, (max-width: 600px) 100vw, 600px\" \/>\n\t\t\t<\/dt>\n\t\t\t\t<dd class='wp-caption-text gallery-caption' id='gallery-1-550'>\n\t\t\t\tOptik Ma\u011faza G\u00f6zl\u00fck Kutu ve Dolaplar\u0131 MODEL NO: 0003\n\t\t\t\t<\/dd><\/dl><br style=\"clear: both\" \/><dl class='gallery-item'>\n\t\t\t<dt class='gallery-icon portrait'>\n\t\t\t\t<img loading=\"lazy\" decoding=\"async\" width=\"600\" height=\"800\" src=\"https:\/\/apaydintanitim.com\/m\/wp-content\/uploads\/optik-magaza-mobilyalari-4.jpg\" class=\"attachment-full size-full\" alt=\"\" aria-describedby=\"gallery-1-551\" srcset=\"https:\/\/apaydintanitim.com\/m\/wp-content\/uploads\/optik-magaza-mobilyalari-4.jpg 600w, https:\/\/apaydintanitim.com\/m\/wp-content\/uploads\/optik-magaza-mobilyalari-4-300x400.jpg 300w, https:\/\/apaydintanitim.com\/m\/wp-content\/uploads\/optik-magaza-mobilyalari-4-113x150.jpg 113w\" sizes=\"auto, (max-width: 600px) 100vw, 600px\" \/>\n\t\t\t<\/dt>\n\t\t\t\t<dd class='wp-caption-text gallery-caption' id='gallery-1-551'>\n\t\t\t\tOptik Ma\u011faza G\u00f6zl\u00fck Kutu ve Dolaplar\u0131 MODEL NO: 0004\n\t\t\t\t<\/dd><\/dl><br style=\"clear: both\" \/><dl class='gallery-item'>\n\t\t\t<dt class='gallery-icon landscape'>\n\t\t\t\t<img loading=\"lazy\" decoding=\"async\" width=\"800\" height=\"600\" src=\"https:\/\/apaydintanitim.com\/m\/wp-content\/uploads\/optik-magaza-mobilyalari-5.jpg\" class=\"attachment-full size-full\" alt=\"\" aria-describedby=\"gallery-1-552\" srcset=\"https:\/\/apaydintanitim.com\/m\/wp-content\/uploads\/optik-magaza-mobilyalari-5.jpg 800w, https:\/\/apaydintanitim.com\/m\/wp-content\/uploads\/optik-magaza-mobilyalari-5-400x300.jpg 400w, https:\/\/apaydintanitim.com\/m\/wp-content\/uploads\/optik-magaza-mobilyalari-5-150x113.jpg 150w, https:\/\/apaydintanitim.com\/m\/wp-content\/uploads\/optik-magaza-mobilyalari-5-640x480.jpg 640w\" sizes=\"auto, (max-width: 800px) 100vw, 800px\" \/>\n\t\t\t<\/dt>\n\t\t\t\t<dd class='wp-caption-text gallery-caption' id='gallery-1-552'>\n\t\t\t\tOptik Ma\u011faza G\u00f6zl\u00fck Kutu ve Dolaplar\u0131 MODEL NO: 0005\n\t\t\t\t<\/dd><\/dl><br style=\"clear: both\" \/><dl class='gallery-item'>\n\t\t\t<dt class='gallery-icon landscape'>\n\t\t\t\t<img loading=\"lazy\" decoding=\"async\" width=\"800\" height=\"600\" src=\"https:\/\/apaydintanitim.com\/m\/wp-content\/uploads\/optik-magaza-mobilyalari-6.jpg\" class=\"attachment-full size-full\" alt=\"\" aria-describedby=\"gallery-1-553\" srcset=\"https:\/\/apaydintanitim.com\/m\/wp-content\/uploads\/optik-magaza-mobilyalari-6.jpg 800w, https:\/\/apaydintanitim.com\/m\/wp-content\/uploads\/optik-magaza-mobilyalari-6-400x300.jpg 400w, https:\/\/apaydintanitim.com\/m\/wp-content\/uploads\/optik-magaza-mobilyalari-6-150x113.jpg 150w, https:\/\/apaydintanitim.com\/m\/wp-content\/uploads\/optik-magaza-mobilyalari-6-640x480.jpg 640w\" sizes=\"auto, (max-width: 800px) 100vw, 800px\" \/>\n\t\t\t<\/dt>\n\t\t\t\t<dd class='wp-caption-text gallery-caption' id='gallery-1-553'>\n\t\t\t\tOptik Ma\u011faza G\u00f6zl\u00fck Kutu ve Dolaplar\u0131 MODEL NO: 0006\n\t\t\t\t<\/dd><\/dl><br style=\"clear: both\" \/><dl class='gallery-item'>\n\t\t\t<dt class='gallery-icon portrait'>\n\t\t\t\t<img loading=\"lazy\" decoding=\"async\" width=\"600\" height=\"800\" src=\"https:\/\/apaydintanitim.com\/m\/wp-content\/uploads\/optik-magaza-mobilyalari-7.jpg\" class=\"attachment-full size-full\" alt=\"\" aria-describedby=\"gallery-1-554\" srcset=\"https:\/\/apaydintanitim.com\/m\/wp-content\/uploads\/optik-magaza-mobilyalari-7.jpg 600w, https:\/\/apaydintanitim.com\/m\/wp-content\/uploads\/optik-magaza-mobilyalari-7-300x400.jpg 300w, https:\/\/apaydintanitim.com\/m\/wp-content\/uploads\/optik-magaza-mobilyalari-7-113x150.jpg 113w\" sizes=\"auto, (max-width: 600px) 100vw, 600px\" \/>\n\t\t\t<\/dt>\n\t\t\t\t<dd class='wp-caption-text gallery-caption' id='gallery-1-554'>\n\t\t\t\tOptik Ma\u011faza G\u00f6zl\u00fck Kutu ve Dolaplar\u0131 MODEL NO: 0007\n\t\t\t\t<\/dd><\/dl><br style=\"clear: both\" \/><dl class='gallery-item'>\n\t\t\t<dt class='gallery-icon portrait'>\n\t\t\t\t<img loading=\"lazy\" decoding=\"async\" width=\"600\" height=\"800\" src=\"https:\/\/apaydintanitim.com\/m\/wp-content\/uploads\/optik-magaza-mobilyalari-8.jpg\" class=\"attachment-full size-full\" alt=\"\" aria-describedby=\"gallery-1-555\" srcset=\"https:\/\/apaydintanitim.com\/m\/wp-content\/uploads\/optik-magaza-mobilyalari-8.jpg 600w, https:\/\/apaydintanitim.com\/m\/wp-content\/uploads\/optik-magaza-mobilyalari-8-300x400.jpg 300w, https:\/\/apaydintanitim.com\/m\/wp-content\/uploads\/optik-magaza-mobilyalari-8-113x150.jpg 113w\" sizes=\"auto, (max-width: 600px) 100vw, 600px\" \/>\n\t\t\t<\/dt>\n\t\t\t\t<dd class='wp-caption-text gallery-caption' id='gallery-1-555'>\n\t\t\t\tOptik Ma\u011faza G\u00f6zl\u00fck Kutu ve Dolaplar\u0131 MODEL NO: 0008\n\t\t\t\t<\/dd><\/dl><br style=\"clear: both\" \/><dl class='gallery-item'>\n\t\t\t<dt class='gallery-icon landscape'>\n\t\t\t\t<img loading=\"lazy\" decoding=\"async\" width=\"800\" height=\"600\" src=\"https:\/\/apaydintanitim.com\/m\/wp-content\/uploads\/optik-magaza-mobilyalari-9.jpg\" class=\"attachment-full size-full\" alt=\"\" aria-describedby=\"gallery-1-556\" srcset=\"https:\/\/apaydintanitim.com\/m\/wp-content\/uploads\/optik-magaza-mobilyalari-9.jpg 800w, https:\/\/apaydintanitim.com\/m\/wp-content\/uploads\/optik-magaza-mobilyalari-9-400x300.jpg 400w, https:\/\/apaydintanitim.com\/m\/wp-content\/uploads\/optik-magaza-mobilyalari-9-150x113.jpg 150w, https:\/\/apaydintanitim.com\/m\/wp-content\/uploads\/optik-magaza-mobilyalari-9-640x480.jpg 640w\" sizes=\"auto, (max-width: 800px) 100vw, 800px\" \/>\n\t\t\t<\/dt>\n\t\t\t\t<dd class='wp-caption-text gallery-caption' id='gallery-1-556'>\n\t\t\t\tOptik Ma\u011faza G\u00f6zl\u00fck Kutu ve Dolaplar\u0131 MODEL NO: 0009\n\t\t\t\t<\/dd><\/dl><br style=\"clear: both\" \/><dl class='gallery-item'>\n\t\t\t<dt class='gallery-icon landscape'>\n\t\t\t\t<img loading=\"lazy\" decoding=\"async\" width=\"800\" height=\"600\" src=\"https:\/\/apaydintanitim.com\/m\/wp-content\/uploads\/optik-magaza-mobilyalari-10.jpg\" class=\"attachment-full size-full\" alt=\"\" aria-describedby=\"gallery-1-557\" srcset=\"https:\/\/apaydintanitim.com\/m\/wp-content\/uploads\/optik-magaza-mobilyalari-10.jpg 800w, https:\/\/apaydintanitim.com\/m\/wp-content\/uploads\/optik-magaza-mobilyalari-10-400x300.jpg 400w, https:\/\/apaydintanitim.com\/m\/wp-content\/uploads\/optik-magaza-mobilyalari-10-150x113.jpg 150w, https:\/\/apaydintanitim.com\/m\/wp-content\/uploads\/optik-magaza-mobilyalari-10-640x480.jpg 640w\" sizes=\"auto, (max-width: 800px) 100vw, 800px\" \/>\n\t\t\t<\/dt>\n\t\t\t\t<dd class='wp-caption-text gallery-caption' id='gallery-1-557'>\n\t\t\t\tOptik Ma\u011faza G\u00f6zl\u00fck Kutu ve Dolaplar\u0131 MODEL NO: 0010\n\t\t\t\t<\/dd><\/dl><br style=\"clear: both\" \/>\n\t\t<\/div>\n\n","protected":false},"excerpt":{"rendered":"","protected":false},"author":1,"featured_media":0,"parent":0,"menu_order":0,"comment_status":"closed","ping_status":"closed","template":"templates\/fullwidth.php","meta":{"footnotes":""},"class_list":["post-56","page","type-page","status-publish","hentry","page-entry","loop-entry clr"],"_links":{"self":[{"href":"https:\/\/apaydintanitim.com\/m\/wp-json\/wp\/v2\/pages\/56","targetHints":{"allow":["GET"]}}],"collection":[{"href":"https:\/\/apaydintanitim.com\/m\/wp-json\/wp\/v2\/pages"}],"about":[{"href":"https:\/\/apaydintanitim.com\/m\/wp-json\/wp\/v2\/types\/page"}],"author":[{"embeddable":true,"href":"https:\/\/apaydintanitim.com\/m\/wp-json\/wp\/v2\/users\/1"}],"replies":[{"embeddable":true,"href":"https:\/\/apaydintanitim.com\/m\/wp-json\/wp\/v2\/comments?post=56"}],"version-history":[{"count":2,"href":"https:\/\/apaydintanitim.com\/m\/wp-json\/wp\/v2\/pages\/56\/revisions"}],"predecessor-version":[{"id":558,"href":"https:\/\/apaydintanitim.com\/m\/wp-json\/wp\/v2\/pages\/56\/revisions\/558"}],"wp:attachment":[{"href":"https:\/\/apaydintanitim.com\/m\/wp-json\/wp\/v2\/media?parent=56"}],"curies":[{"name":"wp","href":"https:\/\/api.w.org\/{rel}","templated":true}]}}