{"id":38,"date":"2015-12-16T13:08:31","date_gmt":"2015-12-16T11:08:31","guid":{"rendered":"http:\/\/apaydintanitim.com\/m\/?page_id=38"},"modified":"2015-12-21T11:51:45","modified_gmt":"2015-12-21T09:51:45","slug":"ic-bukey-optik-dekorasyon-modelleri","status":"publish","type":"page","link":"https:\/\/apaydintanitim.com\/m\/ic-bukey-optik-dekorasyon-modelleri\/","title":{"rendered":"\u0130\u00e7 b\u00fckey optik dekorasyon modelleri"},"content":{"rendered":"\n\t\t<style type=\"text\/css\">\n\t\t\t#gallery-1 {\n\t\t\t\tmargin: auto;\n\t\t\t}\n\t\t\t#gallery-1 .gallery-item {\n\t\t\t\tfloat: left;\n\t\t\t\tmargin-top: 10px;\n\t\t\t\ttext-align: center;\n\t\t\t\twidth: 100%;\n\t\t\t}\n\t\t\t#gallery-1 img {\n\t\t\t\tborder: 2px solid #cfcfcf;\n\t\t\t}\n\t\t\t#gallery-1 .gallery-caption {\n\t\t\t\tmargin-left: 0;\n\t\t\t}\n\t\t\t\/* see gallery_shortcode() in wp-includes\/media.php *\/\n\t\t<\/style>\n\t\t<div id='gallery-1' class='gallery galleryid-38 gallery-columns-1 gallery-size-full'><dl class='gallery-item'>\n\t\t\t<dt class='gallery-icon landscape'>\n\t\t\t\t<img loading=\"lazy\" decoding=\"async\" width=\"800\" height=\"600\" src=\"https:\/\/apaydintanitim.com\/m\/wp-content\/uploads\/optik-magaza-dekorasyonu-7-1.jpg\" class=\"attachment-full size-full\" alt=\"Optik Dekorasyon - Optik Ma\u011faza Dekorasyonu \u0130\u00e7 Bukey Modeller MODEL NO: 0001\" aria-describedby=\"gallery-1-196\" srcset=\"https:\/\/apaydintanitim.com\/m\/wp-content\/uploads\/optik-magaza-dekorasyonu-7-1.jpg 800w, https:\/\/apaydintanitim.com\/m\/wp-content\/uploads\/optik-magaza-dekorasyonu-7-1-400x300.jpg 400w, https:\/\/apaydintanitim.com\/m\/wp-content\/uploads\/optik-magaza-dekorasyonu-7-1-150x113.jpg 150w, https:\/\/apaydintanitim.com\/m\/wp-content\/uploads\/optik-magaza-dekorasyonu-7-1-640x480.jpg 640w\" sizes=\"auto, (max-width: 800px) 100vw, 800px\" \/>\n\t\t\t<\/dt>\n\t\t\t\t<dd class='wp-caption-text gallery-caption' id='gallery-1-196'>\n\t\t\t\tOptik Dekorasyon &#8211; Optik Ma\u011faza Dekorasyonu \u0130\u00e7 Bukey Modeller MODEL NO: 0001\n\t\t\t\t<\/dd><\/dl><br style=\"clear: both\" \/><dl class='gallery-item'>\n\t\t\t<dt class='gallery-icon landscape'>\n\t\t\t\t<img loading=\"lazy\" decoding=\"async\" width=\"800\" height=\"600\" src=\"https:\/\/apaydintanitim.com\/m\/wp-content\/uploads\/optik-magaza-dekorasyonu-6-1.jpg\" class=\"attachment-full size-full\" alt=\"\" aria-describedby=\"gallery-1-195\" srcset=\"https:\/\/apaydintanitim.com\/m\/wp-content\/uploads\/optik-magaza-dekorasyonu-6-1.jpg 800w, https:\/\/apaydintanitim.com\/m\/wp-content\/uploads\/optik-magaza-dekorasyonu-6-1-400x300.jpg 400w, https:\/\/apaydintanitim.com\/m\/wp-content\/uploads\/optik-magaza-dekorasyonu-6-1-150x113.jpg 150w, https:\/\/apaydintanitim.com\/m\/wp-content\/uploads\/optik-magaza-dekorasyonu-6-1-640x480.jpg 640w\" sizes=\"auto, (max-width: 800px) 100vw, 800px\" \/>\n\t\t\t<\/dt>\n\t\t\t\t<dd class='wp-caption-text gallery-caption' id='gallery-1-195'>\n\t\t\t\tOptik Dekorasyon &#8211; Optik Ma\u011faza Dekorasyonu \u0130\u00e7 Bukey Modeller MODEL NO: 0002\n\t\t\t\t<\/dd><\/dl><br style=\"clear: both\" \/><dl class='gallery-item'>\n\t\t\t<dt class='gallery-icon landscape'>\n\t\t\t\t<img loading=\"lazy\" decoding=\"async\" width=\"800\" height=\"600\" src=\"https:\/\/apaydintanitim.com\/m\/wp-content\/uploads\/optik-magaza-dekorasyonu-5-1.jpg\" class=\"attachment-full size-full\" alt=\"\" aria-describedby=\"gallery-1-194\" srcset=\"https:\/\/apaydintanitim.com\/m\/wp-content\/uploads\/optik-magaza-dekorasyonu-5-1.jpg 800w, https:\/\/apaydintanitim.com\/m\/wp-content\/uploads\/optik-magaza-dekorasyonu-5-1-400x300.jpg 400w, https:\/\/apaydintanitim.com\/m\/wp-content\/uploads\/optik-magaza-dekorasyonu-5-1-150x113.jpg 150w, https:\/\/apaydintanitim.com\/m\/wp-content\/uploads\/optik-magaza-dekorasyonu-5-1-640x480.jpg 640w\" sizes=\"auto, (max-width: 800px) 100vw, 800px\" \/>\n\t\t\t<\/dt>\n\t\t\t\t<dd class='wp-caption-text gallery-caption' id='gallery-1-194'>\n\t\t\t\tOptik Dekorasyon &#8211; Optik Ma\u011faza Dekorasyonu \u0130\u00e7 Bukey Modeller MODEL NO: 0003\n\t\t\t\t<\/dd><\/dl><br style=\"clear: both\" \/><dl class='gallery-item'>\n\t\t\t<dt class='gallery-icon landscape'>\n\t\t\t\t<img loading=\"lazy\" decoding=\"async\" width=\"800\" height=\"532\" src=\"https:\/\/apaydintanitim.com\/m\/wp-content\/uploads\/optik-magaza-dekorasyonu-4-1.jpg\" class=\"attachment-full size-full\" alt=\"\" aria-describedby=\"gallery-1-193\" srcset=\"https:\/\/apaydintanitim.com\/m\/wp-content\/uploads\/optik-magaza-dekorasyonu-4-1.jpg 800w, https:\/\/apaydintanitim.com\/m\/wp-content\/uploads\/optik-magaza-dekorasyonu-4-1-400x266.jpg 400w, https:\/\/apaydintanitim.com\/m\/wp-content\/uploads\/optik-magaza-dekorasyonu-4-1-150x100.jpg 150w, https:\/\/apaydintanitim.com\/m\/wp-content\/uploads\/optik-magaza-dekorasyonu-4-1-640x426.jpg 640w\" sizes=\"auto, (max-width: 800px) 100vw, 800px\" \/>\n\t\t\t<\/dt>\n\t\t\t\t<dd class='wp-caption-text gallery-caption' id='gallery-1-193'>\n\t\t\t\tOptik Dekorasyon &#8211; Optik Ma\u011faza Dekorasyonu \u0130\u00e7 Bukey Modeller MODEL NO: 0004\n\t\t\t\t<\/dd><\/dl><br style=\"clear: both\" \/><dl class='gallery-item'>\n\t\t\t<dt class='gallery-icon landscape'>\n\t\t\t\t<img loading=\"lazy\" decoding=\"async\" width=\"800\" height=\"600\" src=\"https:\/\/apaydintanitim.com\/m\/wp-content\/uploads\/optik-magaza-dekorasyonu-3-1.jpg\" class=\"attachment-full size-full\" alt=\"\" aria-describedby=\"gallery-1-192\" srcset=\"https:\/\/apaydintanitim.com\/m\/wp-content\/uploads\/optik-magaza-dekorasyonu-3-1.jpg 800w, https:\/\/apaydintanitim.com\/m\/wp-content\/uploads\/optik-magaza-dekorasyonu-3-1-400x300.jpg 400w, https:\/\/apaydintanitim.com\/m\/wp-content\/uploads\/optik-magaza-dekorasyonu-3-1-150x113.jpg 150w, https:\/\/apaydintanitim.com\/m\/wp-content\/uploads\/optik-magaza-dekorasyonu-3-1-640x480.jpg 640w\" sizes=\"auto, (max-width: 800px) 100vw, 800px\" \/>\n\t\t\t<\/dt>\n\t\t\t\t<dd class='wp-caption-text gallery-caption' id='gallery-1-192'>\n\t\t\t\tOptik Dekorasyon &#8211; Optik Ma\u011faza Dekorasyonu \u0130\u00e7 Bukey Modeller MODEL NO: 0005\n\t\t\t\t<\/dd><\/dl><br style=\"clear: both\" \/><dl class='gallery-item'>\n\t\t\t<dt class='gallery-icon landscape'>\n\t\t\t\t<img loading=\"lazy\" decoding=\"async\" width=\"800\" height=\"600\" src=\"https:\/\/apaydintanitim.com\/m\/wp-content\/uploads\/optik-magaza-dekorasyonu-2-1.jpg\" class=\"attachment-full size-full\" alt=\"\" aria-describedby=\"gallery-1-191\" srcset=\"https:\/\/apaydintanitim.com\/m\/wp-content\/uploads\/optik-magaza-dekorasyonu-2-1.jpg 800w, https:\/\/apaydintanitim.com\/m\/wp-content\/uploads\/optik-magaza-dekorasyonu-2-1-400x300.jpg 400w, https:\/\/apaydintanitim.com\/m\/wp-content\/uploads\/optik-magaza-dekorasyonu-2-1-150x113.jpg 150w, https:\/\/apaydintanitim.com\/m\/wp-content\/uploads\/optik-magaza-dekorasyonu-2-1-640x480.jpg 640w\" sizes=\"auto, (max-width: 800px) 100vw, 800px\" \/>\n\t\t\t<\/dt>\n\t\t\t\t<dd class='wp-caption-text gallery-caption' id='gallery-1-191'>\n\t\t\t\tOptik Dekorasyon &#8211; Optik Ma\u011faza Dekorasyonu \u0130\u00e7 Bukey Modeller MODEL NO: 0006\n\t\t\t\t<\/dd><\/dl><br style=\"clear: both\" \/><dl class='gallery-item'>\n\t\t\t<dt class='gallery-icon landscape'>\n\t\t\t\t<img loading=\"lazy\" decoding=\"async\" width=\"800\" height=\"600\" src=\"https:\/\/apaydintanitim.com\/m\/wp-content\/uploads\/optik-magaza-dekorasyonu-1-1.jpg\" class=\"attachment-full size-full\" alt=\"\" aria-describedby=\"gallery-1-190\" srcset=\"https:\/\/apaydintanitim.com\/m\/wp-content\/uploads\/optik-magaza-dekorasyonu-1-1.jpg 800w, https:\/\/apaydintanitim.com\/m\/wp-content\/uploads\/optik-magaza-dekorasyonu-1-1-400x300.jpg 400w, https:\/\/apaydintanitim.com\/m\/wp-content\/uploads\/optik-magaza-dekorasyonu-1-1-150x113.jpg 150w, https:\/\/apaydintanitim.com\/m\/wp-content\/uploads\/optik-magaza-dekorasyonu-1-1-640x480.jpg 640w\" sizes=\"auto, (max-width: 800px) 100vw, 800px\" \/>\n\t\t\t<\/dt>\n\t\t\t\t<dd class='wp-caption-text gallery-caption' id='gallery-1-190'>\n\t\t\t\tOptik Dekorasyon &#8211; Optik Ma\u011faza Dekorasyonu \u0130\u00e7 Bukey Modeller MODEL NO: 0007\n\t\t\t\t<\/dd><\/dl><br style=\"clear: both\" \/>\n\t\t<\/div>\n\n","protected":false},"excerpt":{"rendered":"","protected":false},"author":1,"featured_media":0,"parent":0,"menu_order":0,"comment_status":"closed","ping_status":"closed","template":"templates\/fullwidth.php","meta":{"footnotes":""},"class_list":["post-38","page","type-page","status-publish","hentry","page-entry","loop-entry clr"],"_links":{"self":[{"href":"https:\/\/apaydintanitim.com\/m\/wp-json\/wp\/v2\/pages\/38","targetHints":{"allow":["GET"]}}],"collection":[{"href":"https:\/\/apaydintanitim.com\/m\/wp-json\/wp\/v2\/pages"}],"about":[{"href":"https:\/\/apaydintanitim.com\/m\/wp-json\/wp\/v2\/types\/page"}],"author":[{"embeddable":true,"href":"https:\/\/apaydintanitim.com\/m\/wp-json\/wp\/v2\/users\/1"}],"replies":[{"embeddable":true,"href":"https:\/\/apaydintanitim.com\/m\/wp-json\/wp\/v2\/comments?post=38"}],"version-history":[{"count":3,"href":"https:\/\/apaydintanitim.com\/m\/wp-json\/wp\/v2\/pages\/38\/revisions"}],"predecessor-version":[{"id":197,"href":"https:\/\/apaydintanitim.com\/m\/wp-json\/wp\/v2\/pages\/38\/revisions\/197"}],"wp:attachment":[{"href":"https:\/\/apaydintanitim.com\/m\/wp-json\/wp\/v2\/media?parent=38"}],"curies":[{"name":"wp","href":"https:\/\/api.w.org\/{rel}","templated":true}]}}