{"id":26,"date":"2015-12-16T10:01:23","date_gmt":"2015-12-16T08:01:23","guid":{"rendered":"http:\/\/apaydintanitim.com\/m\/?page_id=26"},"modified":"2016-01-07T11:13:30","modified_gmt":"2016-01-07T09:13:30","slug":"anasayfa","status":"publish","type":"page","link":"https:\/\/apaydintanitim.com\/m\/anasayfa\/","title":{"rendered":"Anasayfa"},"content":{"rendered":"<p>Apayd\u0131n Tan\u0131t\u0131m, 1993 y\u0131l\u0131ndan bu yana ticaret hayat\u0131nda h\u0131zla yol alarak, yurti\u00e7i ve yurtd\u0131\u015f\u0131 ihracatlar\u0131yla sekt\u00f6re hizmet vermektedir.\u00a0Tamamen kendi tasar\u0131m ve \u00fcretimimiz olan modellerimiz s\u00fcrekli yenilenmekte ve \u00fcr\u00fcn program\u0131m\u0131za dahil edilmektedir.\u00dcr\u00fcnlerimizin malzeme-i\u015f\u00e7ilik kalitesi, \u00e7e\u015fitlili\u011fi ve fiyatlar\u0131m\u0131z\u0131n uygunlu\u011fu ile sekt\u00f6rde aranan firma \u00f6zelli\u011fi olma \u00f6zelli\u011fi g\u00f6steren \u015firketimizin; ba\u015far\u0131 \u00e7\u0131tas\u0131 her ge\u00e7en g\u00fcn daha da y\u00fckselmektedir.<\/p>\n<p>Firma olarak ilkemiz;<\/p>\n<p>Sat\u0131\u015fta etkili g\u00f6rsel yakla\u015f\u0131m\u0131 olan, g\u00fcncel \u00fcr\u00fcnler \u00fcreterek kalitemiz ve uygun fiyat politikam\u0131zla ihtiya\u00e7 duyulan her alanda siz m\u00fc\u015fterilerimizin yan\u0131nda olmakt\u0131r.<\/p>\n<p>&nbsp;<\/p>\n<p>&nbsp;<\/p>\n<p>&nbsp;<\/p>\n","protected":false},"excerpt":{"rendered":"<p>Apayd\u0131n Tan\u0131t\u0131m, 1993 y\u0131l\u0131ndan bu yana ticaret hayat\u0131nda h\u0131zla yol alarak, yurti\u00e7i ve yurtd\u0131\u015f\u0131 ihracatlar\u0131yla sekt\u00f6re hizmet vermektedir.\u00a0Tamamen kendi tasar\u0131m ve \u00fcretimimiz olan modellerimiz s\u00fcrekli yenilenmekte ve \u00fcr\u00fcn program\u0131m\u0131za dahil edilmektedir.\u00dcr\u00fcnlerimizin malzeme-i\u015f\u00e7ilik kalitesi, \u00e7e\u015fitlili\u011fi ve fiyatlar\u0131m\u0131z\u0131n uygunlu\u011fu ile sekt\u00f6rde aranan firma \u00f6zelli\u011fi olma \u00f6zelli\u011fi g\u00f6steren \u015firketimizin; ba\u015far\u0131 \u00e7\u0131tas\u0131 her ge\u00e7en g\u00fcn daha da y\u00fckselmektedir. Firma [&hellip;]<\/p>\n","protected":false},"author":1,"featured_media":0,"parent":0,"menu_order":0,"comment_status":"closed","ping_status":"closed","template":"templates\/home.php","meta":{"footnotes":""},"class_list":["post-26","page","type-page","status-publish","hentry","page-entry","loop-entry clr"],"_links":{"self":[{"href":"https:\/\/apaydintanitim.com\/m\/wp-json\/wp\/v2\/pages\/26","targetHints":{"allow":["GET"]}}],"collection":[{"href":"https:\/\/apaydintanitim.com\/m\/wp-json\/wp\/v2\/pages"}],"about":[{"href":"https:\/\/apaydintanitim.com\/m\/wp-json\/wp\/v2\/types\/page"}],"author":[{"embeddable":true,"href":"https:\/\/apaydintanitim.com\/m\/wp-json\/wp\/v2\/users\/1"}],"replies":[{"embeddable":true,"href":"https:\/\/apaydintanitim.com\/m\/wp-json\/wp\/v2\/comments?post=26"}],"version-history":[{"count":6,"href":"https:\/\/apaydintanitim.com\/m\/wp-json\/wp\/v2\/pages\/26\/revisions"}],"predecessor-version":[{"id":1058,"href":"https:\/\/apaydintanitim.com\/m\/wp-json\/wp\/v2\/pages\/26\/revisions\/1058"}],"wp:attachment":[{"href":"https:\/\/apaydintanitim.com\/m\/wp-json\/wp\/v2\/media?parent=26"}],"curies":[{"name":"wp","href":"https:\/\/api.w.org\/{rel}","templated":true}]}}